{"id":770,"date":"2023-04-21T16:07:21","date_gmt":"2023-04-21T16:07:21","guid":{"rendered":"https:\/\/luxnel.com\/?page_id=770"},"modified":"2025-11-14T11:37:30","modified_gmt":"2025-11-14T08:37:30","slug":"yritys","status":"publish","type":"page","link":"https:\/\/luxnel.com\/sv\/yritys\/","title":{"rendered":"Yritys"},"content":{"rendered":"<div data-elementor-type=\"wp-page\" data-elementor-id=\"770\" class=\"elementor elementor-770\" data-elementor-post-type=\"page\">\n\t\t\t\t<div class=\"elementor-element elementor-element-d789f8c e-flex e-con-boxed e-con e-parent\" data-id=\"d789f8c\" data-element_type=\"container\" data-settings=\"{&quot;background_background&quot;:&quot;classic&quot;,&quot;jet_parallax_layout_list&quot;:[]}\">\n\t\t\t\t\t<div class=\"e-con-inner\">\n\t\t\t\t\t<\/div>\n\t\t\t\t<\/div>\n\t\t<div class=\"elementor-element elementor-element-22c8bb3 e-con-full e-flex e-con e-parent\" data-id=\"22c8bb3\" data-element_type=\"container\" data-settings=\"{&quot;jet_parallax_layout_list&quot;:[]}\">\n\t\t<div class=\"elementor-element elementor-element-f91dea5 e-con-full e-flex e-con e-child\" data-id=\"f91dea5\" data-element_type=\"container\" data-settings=\"{&quot;background_background&quot;:&quot;classic&quot;,&quot;jet_parallax_layout_list&quot;:[]}\">\n\t\t\t\t<div class=\"elementor-element elementor-element-e6c25bc elementor-widget elementor-widget-heading\" data-id=\"e6c25bc\" data-element_type=\"widget\" data-widget_type=\"heading.default\">\n\t\t\t\t<div class=\"elementor-widget-container\">\n\t\t\t\t\t<h1 class=\"elementor-heading-title elementor-size-default\">Kontaktinformation<\/h1>\t\t\t\t<\/div>\n\t\t\t\t<\/div>\n\t\t\t\t<\/div>\n\t\t\t\t<\/div>\n\t\t<div class=\"elementor-element elementor-element-82560ed e-flex e-con-boxed e-con e-parent\" data-id=\"82560ed\" data-element_type=\"container\" data-settings=\"{&quot;jet_parallax_layout_list&quot;:[]}\">\n\t\t\t\t\t<div class=\"e-con-inner\">\n\t\t<div class=\"elementor-element elementor-element-7a23851 e-con-full e-flex e-con e-child\" data-id=\"7a23851\" data-element_type=\"container\" data-settings=\"{&quot;jet_parallax_layout_list&quot;:[],&quot;background_background&quot;:&quot;classic&quot;}\">\n\t\t\t\t<div class=\"elementor-element elementor-element-e7bcae3 elementor-widget elementor-widget-heading\" data-id=\"e7bcae3\" data-element_type=\"widget\" data-widget_type=\"heading.default\">\n\t\t\t\t<div class=\"elementor-widget-container\">\n\t\t\t\t\t<h2 class=\"elementor-heading-title elementor-size-default\">F\u00f6rs\u00e4ljning<\/h2>\t\t\t\t<\/div>\n\t\t\t\t<\/div>\n\t\t\t\t<div class=\"elementor-element elementor-element-3bea3b4 elementor-icon-list--layout-traditional elementor-list-item-link-full_width elementor-widget elementor-widget-icon-list\" data-id=\"3bea3b4\" data-element_type=\"widget\" data-widget_type=\"icon-list.default\">\n\t\t\t\t<div class=\"elementor-widget-container\">\n\t\t\t\t\t\t\t<ul class=\"elementor-icon-list-items\">\n\t\t\t\t\t\t\t<li class=\"elementor-icon-list-item\">\n\t\t\t\t\t\t\t\t\t\t\t<span class=\"elementor-icon-list-icon\">\n\t\t\t\t\t\t\t<i aria-hidden=\"true\" class=\"fas fa-user\"><\/i>\t\t\t\t\t\t<\/span>\n\t\t\t\t\t\t\t\t\t\t<span class=\"elementor-icon-list-text\">Janne Jankkari<\/span>\n\t\t\t\t\t\t\t\t\t<\/li>\n\t\t\t\t\t\t\t\t<li class=\"elementor-icon-list-item\">\n\t\t\t\t\t\t\t\t\t\t\t<span class=\"elementor-icon-list-icon\">\n\t\t\t\t\t\t\t<i aria-hidden=\"true\" class=\"fas fa-phone-alt\"><\/i>\t\t\t\t\t\t<\/span>\n\t\t\t\t\t\t\t\t\t\t<span class=\"elementor-icon-list-text\">+358 400 305 125<\/span>\n\t\t\t\t\t\t\t\t\t<\/li>\n\t\t\t\t\t\t\t\t<li class=\"elementor-icon-list-item\">\n\t\t\t\t\t\t\t\t\t\t\t<span class=\"elementor-icon-list-icon\">\n\t\t\t\t\t\t\t<i aria-hidden=\"true\" class=\"fas fa-envelope\"><\/i>\t\t\t\t\t\t<\/span>\n\t\t\t\t\t\t\t\t\t\t<span class=\"elementor-icon-list-text\">janne.jankkari@luxnel.com<\/span>\n\t\t\t\t\t\t\t\t\t<\/li>\n\t\t\t\t\t\t<\/ul>\n\t\t\t\t\t\t<\/div>\n\t\t\t\t<\/div>\n\t\t\t\t<\/div>\n\t\t<div class=\"elementor-element elementor-element-bdc2eec e-con-full e-flex e-con e-child\" data-id=\"bdc2eec\" data-element_type=\"container\" data-settings=\"{&quot;jet_parallax_layout_list&quot;:[],&quot;background_background&quot;:&quot;classic&quot;}\">\n\t\t\t\t<div class=\"elementor-element elementor-element-2e6d2d5 elementor-widget elementor-widget-heading\" data-id=\"2e6d2d5\" data-element_type=\"widget\" data-widget_type=\"heading.default\">\n\t\t\t\t<div class=\"elementor-widget-container\">\n\t\t\t\t\t<h2 class=\"elementor-heading-title elementor-size-default\">\u00d6vrig<\/h2>\t\t\t\t<\/div>\n\t\t\t\t<\/div>\n\t\t\t\t<div class=\"elementor-element elementor-element-a62d126 elementor-icon-list--layout-traditional elementor-list-item-link-full_width elementor-widget elementor-widget-icon-list\" data-id=\"a62d126\" data-element_type=\"widget\" data-widget_type=\"icon-list.default\">\n\t\t\t\t<div class=\"elementor-widget-container\">\n\t\t\t\t\t\t\t<ul class=\"elementor-icon-list-items\">\n\t\t\t\t\t\t\t<li class=\"elementor-icon-list-item\">\n\t\t\t\t\t\t\t\t\t\t\t<span class=\"elementor-icon-list-icon\">\n\t\t\t\t\t\t\t<i aria-hidden=\"true\" class=\"fas fa-user\"><\/i>\t\t\t\t\t\t<\/span>\n\t\t\t\t\t\t\t\t\t\t<span class=\"elementor-icon-list-text\">Harry Jankkari <\/span>\n\t\t\t\t\t\t\t\t\t<\/li>\n\t\t\t\t\t\t\t\t<li class=\"elementor-icon-list-item\">\n\t\t\t\t\t\t\t\t\t\t\t<span class=\"elementor-icon-list-icon\">\n\t\t\t\t\t\t\t<i aria-hidden=\"true\" class=\"fas fa-phone-alt\"><\/i>\t\t\t\t\t\t<\/span>\n\t\t\t\t\t\t\t\t\t\t<span class=\"elementor-icon-list-text\">+358 400 809 481<\/span>\n\t\t\t\t\t\t\t\t\t<\/li>\n\t\t\t\t\t\t\t\t<li class=\"elementor-icon-list-item\">\n\t\t\t\t\t\t\t\t\t\t\t<span class=\"elementor-icon-list-icon\">\n\t\t\t\t\t\t\t<i aria-hidden=\"true\" class=\"fas fa-envelope\"><\/i>\t\t\t\t\t\t<\/span>\n\t\t\t\t\t\t\t\t\t\t<span class=\"elementor-icon-list-text\">harry.jankkari@bestones.fi<\/span>\n\t\t\t\t\t\t\t\t\t<\/li>\n\t\t\t\t\t\t<\/ul>\n\t\t\t\t\t\t<\/div>\n\t\t\t\t<\/div>\n\t\t\t\t<\/div>\n\t\t\t\t\t<\/div>\n\t\t\t\t<\/div>\n\t\t<div class=\"elementor-element elementor-element-633cb32 e-flex e-con-boxed e-con e-parent\" data-id=\"633cb32\" data-element_type=\"container\" data-settings=\"{&quot;jet_parallax_layout_list&quot;:[]}\">\n\t\t\t\t\t<div class=\"e-con-inner\">\n\t\t\t\t<div class=\"elementor-element elementor-element-11686fe elementor-widget elementor-widget-heading\" data-id=\"11686fe\" data-element_type=\"widget\" data-widget_type=\"heading.default\">\n\t\t\t\t<div class=\"elementor-widget-container\">\n\t\t\t\t\t<h1 class=\"elementor-heading-title elementor-size-default\">F\u00d6RETAG<\/h1>\t\t\t\t<\/div>\n\t\t\t\t<\/div>\n\t\t\t\t\t<\/div>\n\t\t\t\t<\/div>\n\t\t<div class=\"elementor-element elementor-element-10a78da e-flex e-con-boxed e-con e-parent\" data-id=\"10a78da\" data-element_type=\"container\" data-settings=\"{&quot;jet_parallax_layout_list&quot;:[]}\">\n\t\t\t\t\t<div class=\"e-con-inner\">\n\t\t\t\t<div class=\"elementor-element elementor-element-c9543c7 elementor-widget elementor-widget-heading\" data-id=\"c9543c7\" data-element_type=\"widget\" data-widget_type=\"heading.default\">\n\t\t\t\t<div class=\"elementor-widget-container\">\n\t\t\t\t\t<h2 class=\"elementor-heading-title elementor-size-default\">Belysningsproffs<\/h2>\t\t\t\t<\/div>\n\t\t\t\t<\/div>\n\t\t\t\t<div class=\"elementor-element elementor-element-323ea2e elementor-widget elementor-widget-heading\" data-id=\"323ea2e\" data-element_type=\"widget\" data-widget_type=\"heading.default\">\n\t\t\t\t<div class=\"elementor-widget-container\">\n\t\t\t\t\t<h2 class=\"elementor-heading-title elementor-size-default\">Luxnel \u00e4r ett hantverk av ljusproffs och finsk design.<\/h2>\t\t\t\t<\/div>\n\t\t\t\t<\/div>\n\t\t\t\t<div class=\"elementor-element elementor-element-6102a97 elementor-widget-divider--view-line elementor-widget elementor-widget-divider\" data-id=\"6102a97\" data-element_type=\"widget\" data-widget_type=\"divider.default\">\n\t\t\t\t<div class=\"elementor-widget-container\">\n\t\t\t\t\t\t\t<div class=\"elementor-divider\">\n\t\t\t<span class=\"elementor-divider-separator\">\n\t\t\t\t\t\t<\/span>\n\t\t<\/div>\n\t\t\t\t\t\t<\/div>\n\t\t\t\t<\/div>\n\t\t\t\t<div class=\"elementor-element elementor-element-c09dd6d elementor-widget__width-initial elementor-widget elementor-widget-text-editor\" data-id=\"c09dd6d\" data-element_type=\"widget\" data-widget_type=\"text-editor.default\">\n\t\t\t\t<div class=\"elementor-widget-container\">\n\t\t\t\t\t\t\t\t\t<p>Luxnels varum\u00e4rke och produkt \u00e4r en skapelse av det finska f\u00f6retaget BS BeStones. BS BeStones grundades 1996 och \u00e4r verksamt i Sibbo. Det breda utbudet av BS BeStones inkluderar t.ex. bildproduktion, synlighetsprodukter, upplysta annonser och skyltar. F\u00f6retaget \u00e4r specialiserat p\u00e5 ljus och bild och deras kombination. Luxnel \u00e4r inhemskt designat och produkterna tillverkas i Finland. K\u00e4rnan i Luxnel \u00e4r LED-belysning, vilket ocks\u00e5 \u00e4r BS BeStones k\u00e4rnkompetens. I mer \u00e4n 20 \u00e5r har vi implementerat dessa l\u00f6sningar f\u00f6r f\u00f6retag och konsumenter.<\/p>\t\t\t\t\t\t\t\t<\/div>\n\t\t\t\t<\/div>\n\t\t\t\t\t<\/div>\n\t\t\t\t<\/div>\n\t\t<div class=\"elementor-element elementor-element-adfd94f e-flex e-con-boxed e-con e-parent\" data-id=\"adfd94f\" data-element_type=\"container\" data-settings=\"{&quot;jet_parallax_layout_list&quot;:[]}\">\n\t\t\t\t\t<div class=\"e-con-inner\">\n\t\t\t\t<div class=\"elementor-element elementor-element-c7baeda elementor-widget-divider--view-line elementor-widget elementor-widget-divider\" data-id=\"c7baeda\" data-element_type=\"widget\" data-widget_type=\"divider.default\">\n\t\t\t\t<div class=\"elementor-widget-container\">\n\t\t\t\t\t\t\t<div class=\"elementor-divider\">\n\t\t\t<span class=\"elementor-divider-separator\">\n\t\t\t\t\t\t<\/span>\n\t\t<\/div>\n\t\t\t\t\t\t<\/div>\n\t\t\t\t<\/div>\n\t\t\t\t\t<\/div>\n\t\t\t\t<\/div>\n\t\t<div class=\"elementor-element elementor-element-5e2b2a1 e-flex e-con-boxed e-con e-parent\" data-id=\"5e2b2a1\" data-element_type=\"container\" data-settings=\"{&quot;jet_parallax_layout_list&quot;:[]}\">\n\t\t\t\t\t<div class=\"e-con-inner\">\n\t\t<div class=\"elementor-element elementor-element-955302b e-con-full e-flex e-con e-child\" data-id=\"955302b\" data-element_type=\"container\" data-settings=\"{&quot;jet_parallax_layout_list&quot;:[]}\">\n\t\t\t\t<div class=\"elementor-element elementor-element-eab988f elementor-widget elementor-widget-image\" data-id=\"eab988f\" data-element_type=\"widget\" data-widget_type=\"image.default\">\n\t\t\t\t<div class=\"elementor-widget-container\">\n\t\t\t\t\t\t\t\t\t\t\t\t\t\t\t<img fetchpriority=\"high\" decoding=\"async\" width=\"792\" height=\"393\" src=\"https:\/\/luxnel.com\/wp-content\/uploads\/2023\/04\/luotettava_kumppani_logo_792x393.png\" class=\"attachment-large size-large wp-image-1880\" alt=\"\" srcset=\"https:\/\/luxnel.com\/wp-content\/uploads\/2023\/04\/luotettava_kumppani_logo_792x393.png 792w, https:\/\/luxnel.com\/wp-content\/uploads\/2023\/04\/luotettava_kumppani_logo_792x393-300x149.png 300w, https:\/\/luxnel.com\/wp-content\/uploads\/2023\/04\/luotettava_kumppani_logo_792x393-768x381.png 768w\" sizes=\"(max-width: 792px) 100vw, 792px\" \/>\t\t\t\t\t\t\t\t\t\t\t\t\t\t\t<\/div>\n\t\t\t\t<\/div>\n\t\t\t\t<\/div>\n\t\t<div class=\"elementor-element elementor-element-ab5001c e-con-full e-flex e-con e-child\" data-id=\"ab5001c\" data-element_type=\"container\" data-settings=\"{&quot;jet_parallax_layout_list&quot;:[]}\">\n\t\t\t\t<div class=\"elementor-element elementor-element-e50c282 elementor-widget elementor-widget-image\" data-id=\"e50c282\" data-element_type=\"widget\" data-widget_type=\"image.default\">\n\t\t\t\t<div class=\"elementor-widget-container\">\n\t\t\t\t\t\t\t\t\t\t\t\t\t\t\t<img decoding=\"async\" width=\"595\" height=\"468\" src=\"https:\/\/luxnel.com\/wp-content\/uploads\/2023\/04\/Avainlippu.png\" class=\"attachment-large size-large wp-image-1881\" alt=\"\" srcset=\"https:\/\/luxnel.com\/wp-content\/uploads\/2023\/04\/Avainlippu.png 595w, https:\/\/luxnel.com\/wp-content\/uploads\/2023\/04\/Avainlippu-300x236.png 300w\" sizes=\"(max-width: 595px) 100vw, 595px\" \/>\t\t\t\t\t\t\t\t\t\t\t\t\t\t\t<\/div>\n\t\t\t\t<\/div>\n\t\t\t\t<\/div>\n\t\t\t\t\t<\/div>\n\t\t\t\t<\/div>\n\t\t\t\t<\/div>","protected":false},"excerpt":{"rendered":"<p>Yhteystiedot Myynti Janne Jankkari +358 400 305 125 janne.jankkari@luxnel.com Muut Harry Jankkari +358 400 809 481 harry.jankkari@bestones.fi YRITYS Valaistuksen ammattilaiset Luxnel on valaistuksen ammattilaisten k\u00e4dentuotos ja suomalaista designia. Luxnel brandi ja tuote on suomalaisen BS BeStones yrityksen luomus. BS BeStones on perustettu vuonna 1996 ja toimii Sipoossa. BS BeStonesin laajaan tarjontaan kuuluu mm. kuvatuotanto, n\u00e4kyvyys [&hellip;]<\/p>","protected":false},"author":1,"featured_media":0,"parent":0,"menu_order":0,"comment_status":"closed","ping_status":"closed","template":"","meta":{"iawp_total_views":629,"footnotes":""},"class_list":["post-770","page","type-page","status-publish","hentry"],"yoast_head":"<!-- This site is optimized with the Yoast SEO plugin v26.3 - https:\/\/yoast.com\/wordpress\/plugins\/seo\/ -->\n<title>Luxnel | Suomalaista designia ja valaistuksen ammattitaitoa<\/title>\n<meta name=\"description\" content=\"Luxnel on suomalainen BS BeStonesin luoma ainutlaatuinen v\u00e4litilan valotaulu. Valaistusta yli 20 vuoden kokemuksella. Tutustu ja tilaa!\" \/>\n<meta name=\"robots\" content=\"index, follow, max-snippet:-1, max-image-preview:large, max-video-preview:-1\" \/>\n<link rel=\"canonical\" href=\"https:\/\/luxnel.com\/sv\/yritys\/\" \/>\n<meta property=\"og:locale\" content=\"sv_SE\" \/>\n<meta property=\"og:type\" content=\"article\" \/>\n<meta property=\"og:title\" content=\"Luxnel | Suomalaista designia ja valaistuksen ammattitaitoa\" \/>\n<meta property=\"og:description\" content=\"Luxnel on suomalainen BS BeStonesin luoma ainutlaatuinen v\u00e4litilan valotaulu. Valaistusta yli 20 vuoden kokemuksella. Tutustu ja tilaa!\" \/>\n<meta property=\"og:url\" content=\"https:\/\/luxnel.com\/sv\/yritys\/\" \/>\n<meta property=\"og:site_name\" content=\"Luxnel\" \/>\n<meta property=\"article:publisher\" content=\"https:\/\/www.facebook.com\/Luxnelvalotaulu\/\" \/>\n<meta property=\"article:modified_time\" content=\"2025-11-14T08:37:30+00:00\" \/>\n<meta property=\"og:image\" content=\"https:\/\/luxnel.com\/wp-content\/uploads\/2023\/04\/luotettava_kumppani_logo_792x393.png\" \/>\n\t<meta property=\"og:image:width\" content=\"792\" \/>\n\t<meta property=\"og:image:height\" content=\"393\" \/>\n\t<meta property=\"og:image:type\" content=\"image\/png\" \/>\n<meta name=\"twitter:card\" content=\"summary_large_image\" \/>\n<meta name=\"twitter:label1\" content=\"Ber\u00e4knad l\u00e4stid\" \/>\n\t<meta name=\"twitter:data1\" content=\"2 minuter\" \/>\n<script type=\"application\/ld+json\" class=\"yoast-schema-graph\">{\"@context\":\"https:\/\/schema.org\",\"@graph\":[{\"@type\":\"WebPage\",\"@id\":\"https:\/\/luxnel.com\/yritys\/\",\"url\":\"https:\/\/luxnel.com\/yritys\/\",\"name\":\"Luxnel | Suomalaista designia ja valaistuksen ammattitaitoa\",\"isPartOf\":{\"@id\":\"https:\/\/luxnel.com\/#website\"},\"primaryImageOfPage\":{\"@id\":\"https:\/\/luxnel.com\/yritys\/#primaryimage\"},\"image\":{\"@id\":\"https:\/\/luxnel.com\/yritys\/#primaryimage\"},\"thumbnailUrl\":\"https:\/\/luxnel.com\/wp-content\/uploads\/2023\/04\/luotettava_kumppani_logo_792x393.png\",\"datePublished\":\"2023-04-21T16:07:21+00:00\",\"dateModified\":\"2025-11-14T08:37:30+00:00\",\"description\":\"Luxnel on suomalainen BS BeStonesin luoma ainutlaatuinen v\u00e4litilan valotaulu. Valaistusta yli 20 vuoden kokemuksella. Tutustu ja tilaa!\",\"breadcrumb\":{\"@id\":\"https:\/\/luxnel.com\/yritys\/#breadcrumb\"},\"inLanguage\":\"sv-SE\",\"potentialAction\":[{\"@type\":\"ReadAction\",\"target\":[\"https:\/\/luxnel.com\/yritys\/\"]}]},{\"@type\":\"ImageObject\",\"inLanguage\":\"sv-SE\",\"@id\":\"https:\/\/luxnel.com\/yritys\/#primaryimage\",\"url\":\"https:\/\/luxnel.com\/wp-content\/uploads\/2023\/04\/luotettava_kumppani_logo_792x393.png\",\"contentUrl\":\"https:\/\/luxnel.com\/wp-content\/uploads\/2023\/04\/luotettava_kumppani_logo_792x393.png\"},{\"@type\":\"BreadcrumbList\",\"@id\":\"https:\/\/luxnel.com\/yritys\/#breadcrumb\",\"itemListElement\":[{\"@type\":\"ListItem\",\"position\":1,\"name\":\"Etusivu\",\"item\":\"https:\/\/luxnel.com\/\"},{\"@type\":\"ListItem\",\"position\":2,\"name\":\"Yritys\"}]},{\"@type\":\"WebSite\",\"@id\":\"https:\/\/luxnel.com\/#website\",\"url\":\"https:\/\/luxnel.com\/\",\"name\":\"Luxnel\",\"description\":\"Valolla toimivat sistusu koriste keitti\u00f6taulut\",\"publisher\":{\"@id\":\"https:\/\/luxnel.com\/#organization\"},\"potentialAction\":[{\"@type\":\"SearchAction\",\"target\":{\"@type\":\"EntryPoint\",\"urlTemplate\":\"https:\/\/luxnel.com\/?s={search_term_string}\"},\"query-input\":{\"@type\":\"PropertyValueSpecification\",\"valueRequired\":true,\"valueName\":\"search_term_string\"}}],\"inLanguage\":\"sv-SE\"},{\"@type\":\"Organization\",\"@id\":\"https:\/\/luxnel.com\/#organization\",\"name\":\"Luxnel\",\"url\":\"https:\/\/luxnel.com\/\",\"logo\":{\"@type\":\"ImageObject\",\"inLanguage\":\"sv-SE\",\"@id\":\"https:\/\/luxnel.com\/#\/schema\/logo\/image\/\",\"url\":\"https:\/\/luxnel.com\/wp-content\/uploads\/2023\/04\/Luxnel_Logo.png\",\"contentUrl\":\"https:\/\/luxnel.com\/wp-content\/uploads\/2023\/04\/Luxnel_Logo.png\",\"width\":2031,\"height\":1172,\"caption\":\"Luxnel\"},\"image\":{\"@id\":\"https:\/\/luxnel.com\/#\/schema\/logo\/image\/\"},\"sameAs\":[\"https:\/\/www.facebook.com\/Luxnelvalotaulu\/\",\"https:\/\/www.instagram.com\/luxnel_fi\/?hl=fi\"]}]}<\/script>\n<!-- \/ Yoast SEO plugin. -->","yoast_head_json":{"title":"Luxnel | Suomalaista designia ja valaistuksen ammattitaitoa","description":"Luxnel on suomalainen BS BeStonesin luoma ainutlaatuinen v\u00e4litilan valotaulu. Valaistusta yli 20 vuoden kokemuksella. Tutustu ja tilaa!","robots":{"index":"index","follow":"follow","max-snippet":"max-snippet:-1","max-image-preview":"max-image-preview:large","max-video-preview":"max-video-preview:-1"},"canonical":"https:\/\/luxnel.com\/sv\/yritys\/","og_locale":"sv_SE","og_type":"article","og_title":"Luxnel | Suomalaista designia ja valaistuksen ammattitaitoa","og_description":"Luxnel on suomalainen BS BeStonesin luoma ainutlaatuinen v\u00e4litilan valotaulu. Valaistusta yli 20 vuoden kokemuksella. Tutustu ja tilaa!","og_url":"https:\/\/luxnel.com\/sv\/yritys\/","og_site_name":"Luxnel","article_publisher":"https:\/\/www.facebook.com\/Luxnelvalotaulu\/","article_modified_time":"2025-11-14T08:37:30+00:00","og_image":[{"width":792,"height":393,"url":"https:\/\/luxnel.com\/wp-content\/uploads\/2023\/04\/luotettava_kumppani_logo_792x393.png","type":"image\/png"}],"twitter_card":"summary_large_image","twitter_misc":{"Ber\u00e4knad l\u00e4stid":"2 minuter"},"schema":{"@context":"https:\/\/schema.org","@graph":[{"@type":"WebPage","@id":"https:\/\/luxnel.com\/yritys\/","url":"https:\/\/luxnel.com\/yritys\/","name":"Luxnel | Suomalaista designia ja valaistuksen ammattitaitoa","isPartOf":{"@id":"https:\/\/luxnel.com\/#website"},"primaryImageOfPage":{"@id":"https:\/\/luxnel.com\/yritys\/#primaryimage"},"image":{"@id":"https:\/\/luxnel.com\/yritys\/#primaryimage"},"thumbnailUrl":"https:\/\/luxnel.com\/wp-content\/uploads\/2023\/04\/luotettava_kumppani_logo_792x393.png","datePublished":"2023-04-21T16:07:21+00:00","dateModified":"2025-11-14T08:37:30+00:00","description":"Luxnel on suomalainen BS BeStonesin luoma ainutlaatuinen v\u00e4litilan valotaulu. Valaistusta yli 20 vuoden kokemuksella. Tutustu ja tilaa!","breadcrumb":{"@id":"https:\/\/luxnel.com\/yritys\/#breadcrumb"},"inLanguage":"sv-SE","potentialAction":[{"@type":"ReadAction","target":["https:\/\/luxnel.com\/yritys\/"]}]},{"@type":"ImageObject","inLanguage":"sv-SE","@id":"https:\/\/luxnel.com\/yritys\/#primaryimage","url":"https:\/\/luxnel.com\/wp-content\/uploads\/2023\/04\/luotettava_kumppani_logo_792x393.png","contentUrl":"https:\/\/luxnel.com\/wp-content\/uploads\/2023\/04\/luotettava_kumppani_logo_792x393.png"},{"@type":"BreadcrumbList","@id":"https:\/\/luxnel.com\/yritys\/#breadcrumb","itemListElement":[{"@type":"ListItem","position":1,"name":"Etusivu","item":"https:\/\/luxnel.com\/"},{"@type":"ListItem","position":2,"name":"Yritys"}]},{"@type":"WebSite","@id":"https:\/\/luxnel.com\/#website","url":"https:\/\/luxnel.com\/","name":"Luxnel","description":"Valolla toimivat sistusu koriste keitti\u00f6taulut","publisher":{"@id":"https:\/\/luxnel.com\/#organization"},"potentialAction":[{"@type":"SearchAction","target":{"@type":"EntryPoint","urlTemplate":"https:\/\/luxnel.com\/?s={search_term_string}"},"query-input":{"@type":"PropertyValueSpecification","valueRequired":true,"valueName":"search_term_string"}}],"inLanguage":"sv-SE"},{"@type":"Organization","@id":"https:\/\/luxnel.com\/#organization","name":"Luxnel","url":"https:\/\/luxnel.com\/","logo":{"@type":"ImageObject","inLanguage":"sv-SE","@id":"https:\/\/luxnel.com\/#\/schema\/logo\/image\/","url":"https:\/\/luxnel.com\/wp-content\/uploads\/2023\/04\/Luxnel_Logo.png","contentUrl":"https:\/\/luxnel.com\/wp-content\/uploads\/2023\/04\/Luxnel_Logo.png","width":2031,"height":1172,"caption":"Luxnel"},"image":{"@id":"https:\/\/luxnel.com\/#\/schema\/logo\/image\/"},"sameAs":["https:\/\/www.facebook.com\/Luxnelvalotaulu\/","https:\/\/www.instagram.com\/luxnel_fi\/?hl=fi"]}]}},"_links":{"self":[{"href":"https:\/\/luxnel.com\/sv\/wp-json\/wp\/v2\/pages\/770","targetHints":{"allow":["GET"]}}],"collection":[{"href":"https:\/\/luxnel.com\/sv\/wp-json\/wp\/v2\/pages"}],"about":[{"href":"https:\/\/luxnel.com\/sv\/wp-json\/wp\/v2\/types\/page"}],"author":[{"embeddable":true,"href":"https:\/\/luxnel.com\/sv\/wp-json\/wp\/v2\/users\/1"}],"replies":[{"embeddable":true,"href":"https:\/\/luxnel.com\/sv\/wp-json\/wp\/v2\/comments?post=770"}],"version-history":[{"count":112,"href":"https:\/\/luxnel.com\/sv\/wp-json\/wp\/v2\/pages\/770\/revisions"}],"predecessor-version":[{"id":2824,"href":"https:\/\/luxnel.com\/sv\/wp-json\/wp\/v2\/pages\/770\/revisions\/2824"}],"wp:attachment":[{"href":"https:\/\/luxnel.com\/sv\/wp-json\/wp\/v2\/media?parent=770"}],"curies":[{"name":"wp","href":"https:\/\/api.w.org\/{rel}","templated":true}]}}