{"id":679,"date":"2023-04-21T13:44:25","date_gmt":"2023-04-21T13:44:25","guid":{"rendered":"https:\/\/luxnel.com\/?page_id=679"},"modified":"2024-10-02T09:40:49","modified_gmt":"2024-10-02T06:40:49","slug":"palvelut","status":"publish","type":"page","link":"https:\/\/luxnel.com\/sv\/palvelut\/","title":{"rendered":"Palvelut"},"content":{"rendered":"<div data-elementor-type=\"wp-page\" data-elementor-id=\"679\" class=\"elementor elementor-679\" data-elementor-post-type=\"page\">\n\t\t\t\t<div class=\"elementor-element elementor-element-1bb61fa e-flex e-con-boxed e-con e-parent\" data-id=\"1bb61fa\" data-element_type=\"container\" data-settings=\"{&quot;background_background&quot;:&quot;classic&quot;,&quot;jet_parallax_layout_list&quot;:[],&quot;shape_divider_bottom&quot;:&quot;tilt&quot;}\">\n\t\t\t\t\t<div class=\"e-con-inner\">\n\t\t\t\t<div class=\"elementor-shape elementor-shape-bottom\" aria-hidden=\"true\" data-negative=\"false\">\n\t\t\t<svg xmlns=\"http:\/\/www.w3.org\/2000\/svg\" viewbox=\"0 0 1000 100\" preserveaspectratio=\"none\">\n\t<path class=\"elementor-shape-fill\" d=\"M0,6V0h1000v100L0,6z\"\/>\n<\/svg>\t\t<\/div>\n\t\t\t\t\t<\/div>\n\t\t\t\t<\/div>\n\t\t<div class=\"elementor-element elementor-element-ec85add e-flex e-con-boxed e-con e-parent\" data-id=\"ec85add\" data-element_type=\"container\" data-settings=\"{&quot;jet_parallax_layout_list&quot;:[]}\">\n\t\t\t\t\t<div class=\"e-con-inner\">\n\t\t\t\t<div class=\"elementor-element elementor-element-1a037b0 elementor-widget elementor-widget-heading\" data-id=\"1a037b0\" data-element_type=\"widget\" data-widget_type=\"heading.default\">\n\t\t\t\t<div class=\"elementor-widget-container\">\n\t\t\t\t\t<h1 class=\"elementor-heading-title elementor-size-default\">TJ\u00c4NSTER<\/h1>\t\t\t\t<\/div>\n\t\t\t\t<\/div>\n\t\t\t\t<div class=\"elementor-element elementor-element-a5b2ef6 elementor-widget elementor-widget-text-editor\" data-id=\"a5b2ef6\" data-element_type=\"widget\" data-widget_type=\"text-editor.default\">\n\t\t\t\t<div class=\"elementor-widget-container\">\n\t\t\t\t\t\t\t\t\t<p>Ett brett urval av Luxnel-implementeringar visas i v\u00e5ra produktionsanl\u00e4ggningar. Du \u00e4r v\u00e4lkommen att bekanta dig med produkten n\u00e4r det passar dig, \u00e4ven p\u00e5 kv\u00e4llar eller helger. <br \/><a href=\"\/yritys\/\">Kontakta oss och boka tid.<\/a><\/p>\t\t\t\t\t\t\t\t<\/div>\n\t\t\t\t<\/div>\n\t\t\t\t\t<\/div>\n\t\t\t\t<\/div>\n\t\t<div class=\"elementor-element elementor-element-8f591de e-flex e-con-boxed e-con e-parent\" data-id=\"8f591de\" data-element_type=\"container\" data-settings=\"{&quot;jet_parallax_layout_list&quot;:[]}\">\n\t\t\t\t\t<div class=\"e-con-inner\">\n\t\t<div class=\"elementor-element elementor-element-c311e71 e-flex e-con-boxed e-con e-child\" data-id=\"c311e71\" data-element_type=\"container\" data-settings=\"{&quot;jet_parallax_layout_list&quot;:[]}\">\n\t\t\t\t\t<div class=\"e-con-inner\">\n\t\t\t\t<div class=\"elementor-element elementor-element-4c1f560 elementor-widget__width-initial elementor-widget elementor-widget-image\" data-id=\"4c1f560\" data-element_type=\"widget\" data-widget_type=\"image.default\">\n\t\t\t\t<div class=\"elementor-widget-container\">\n\t\t\t\t\t\t\t\t\t\t\t\t\t\t\t<img decoding=\"async\" width=\"80\" height=\"80\" src=\"https:\/\/luxnel.com\/wp-content\/uploads\/2023\/04\/icon_asennus.png\" class=\"attachment-large size-large wp-image-712\" alt=\"\" \/>\t\t\t\t\t\t\t\t\t\t\t\t\t\t\t<\/div>\n\t\t\t\t<\/div>\n\t\t<div class=\"elementor-element elementor-element-ebc63ec e-flex e-con-boxed e-con e-child\" data-id=\"ebc63ec\" data-element_type=\"container\" data-settings=\"{&quot;jet_parallax_layout_list&quot;:[]}\">\n\t\t\t\t\t<div class=\"e-con-inner\">\n\t\t\t\t<div class=\"elementor-element elementor-element-7b8779b elementor-widget elementor-widget-heading\" data-id=\"7b8779b\" data-element_type=\"widget\" data-widget_type=\"heading.default\">\n\t\t\t\t<div class=\"elementor-widget-container\">\n\t\t\t\t\t<h2 class=\"elementor-heading-title elementor-size-default\">Design<\/h2>\t\t\t\t<\/div>\n\t\t\t\t<\/div>\n\t\t\t\t<div class=\"elementor-element elementor-element-3233b94 elementor-widget-divider--view-line elementor-widget elementor-widget-divider\" data-id=\"3233b94\" data-element_type=\"widget\" data-widget_type=\"divider.default\">\n\t\t\t\t<div class=\"elementor-widget-container\">\n\t\t\t\t\t\t\t<div class=\"elementor-divider\">\n\t\t\t<span class=\"elementor-divider-separator\">\n\t\t\t\t\t\t<\/span>\n\t\t<\/div>\n\t\t\t\t\t\t<\/div>\n\t\t\t\t<\/div>\n\t\t\t\t<div class=\"elementor-element elementor-element-ca6b6d0 elementor-widget elementor-widget-text-editor\" data-id=\"ca6b6d0\" data-element_type=\"widget\" data-widget_type=\"text-editor.default\">\n\t\t\t\t<div class=\"elementor-widget-container\">\n\t\t\t\t\t\t\t\t\t<p>Om du \u00f6nskar finns det m\u00f6jlighet att best\u00e4lla en designtj\u00e4nst av oss, d\u00e5 kommer v\u00e5r expert fram och bist\u00e5r i fr\u00e5gor som r\u00f6r designen av produkten. V\u00e5r expert har med sig en demonstrationsversion av produkten, s\u00e5 att du kan se hur Luxnel passar in i ditt hem.<\/p>\t\t\t\t\t\t\t\t<\/div>\n\t\t\t\t<\/div>\n\t\t\t\t<div class=\"elementor-element elementor-element-27236db elementor-mobile-align-justify elementor-align-left elementor-widget elementor-widget-button\" data-id=\"27236db\" data-element_type=\"widget\" data-widget_type=\"button.default\">\n\t\t\t\t<div class=\"elementor-widget-container\">\n\t\t\t\t\t\t\t\t\t<div class=\"elementor-button-wrapper\">\n\t\t\t\t\t<a class=\"elementor-button elementor-button-link elementor-size-lg\" href=\"\/yritys\/\">\n\t\t\t\t\t\t<span class=\"elementor-button-content-wrapper\">\n\t\t\t\t\t\t\t\t\t<span class=\"elementor-button-text\">Best\u00e4ll en designer<\/span>\n\t\t\t\t\t<\/span>\n\t\t\t\t\t<\/a>\n\t\t\t\t<\/div>\n\t\t\t\t\t\t\t\t<\/div>\n\t\t\t\t<\/div>\n\t\t\t\t\t<\/div>\n\t\t\t\t<\/div>\n\t\t\t\t\t<\/div>\n\t\t\t\t<\/div>\n\t\t<div class=\"elementor-element elementor-element-f611a71 e-flex e-con-boxed e-con e-child\" data-id=\"f611a71\" data-element_type=\"container\" data-settings=\"{&quot;jet_parallax_layout_list&quot;:[]}\">\n\t\t\t\t\t<div class=\"e-con-inner\">\n\t\t\t\t<div class=\"elementor-element elementor-element-da42db0 elementor-widget__width-initial elementor-widget elementor-widget-image\" data-id=\"da42db0\" data-element_type=\"widget\" data-widget_type=\"image.default\">\n\t\t\t\t<div class=\"elementor-widget-container\">\n\t\t\t\t\t\t\t\t\t\t\t\t\t\t\t<img decoding=\"async\" width=\"80\" height=\"80\" src=\"https:\/\/luxnel.com\/wp-content\/uploads\/2023\/04\/icon_asennuspalvelu.png\" class=\"attachment-large size-large wp-image-646\" alt=\"Luxnel asennuspalvelu ikoni\" \/>\t\t\t\t\t\t\t\t\t\t\t\t\t\t\t<\/div>\n\t\t\t\t<\/div>\n\t\t<div class=\"elementor-element elementor-element-548226f e-flex e-con-boxed e-con e-child\" data-id=\"548226f\" data-element_type=\"container\" data-settings=\"{&quot;jet_parallax_layout_list&quot;:[]}\">\n\t\t\t\t\t<div class=\"e-con-inner\">\n\t\t\t\t<div class=\"elementor-element elementor-element-687b01c elementor-widget elementor-widget-heading\" data-id=\"687b01c\" data-element_type=\"widget\" data-widget_type=\"heading.default\">\n\t\t\t\t<div class=\"elementor-widget-container\">\n\t\t\t\t\t<h2 class=\"elementor-heading-title elementor-size-default\">Installationstj\u00e4nst<\/h2>\t\t\t\t<\/div>\n\t\t\t\t<\/div>\n\t\t\t\t<div class=\"elementor-element elementor-element-1c50384 elementor-widget-divider--view-line elementor-widget elementor-widget-divider\" data-id=\"1c50384\" data-element_type=\"widget\" data-widget_type=\"divider.default\">\n\t\t\t\t<div class=\"elementor-widget-container\">\n\t\t\t\t\t\t\t<div class=\"elementor-divider\">\n\t\t\t<span class=\"elementor-divider-separator\">\n\t\t\t\t\t\t<\/span>\n\t\t<\/div>\n\t\t\t\t\t\t<\/div>\n\t\t\t\t<\/div>\n\t\t\t\t<div class=\"elementor-element elementor-element-c336d96 elementor-widget elementor-widget-text-editor\" data-id=\"c336d96\" data-element_type=\"widget\" data-widget_type=\"text-editor.default\">\n\t\t\t\t<div class=\"elementor-widget-container\">\n\t\t\t\t\t\t\t\t\t<p>Vid behov kan du f\u00e5 en installationstj\u00e4nst f\u00f6r produkten av oss. Ett enkelt alternativ, d\u00e4r vi tar och installerar helheten p\u00e5 plats i ett svep.<\/p>\t\t\t\t\t\t\t\t<\/div>\n\t\t\t\t<\/div>\n\t\t\t\t<div class=\"elementor-element elementor-element-7659255 elementor-mobile-align-justify elementor-align-left elementor-widget elementor-widget-button\" data-id=\"7659255\" data-element_type=\"widget\" data-widget_type=\"button.default\">\n\t\t\t\t<div class=\"elementor-widget-container\">\n\t\t\t\t\t\t\t\t\t<div class=\"elementor-button-wrapper\">\n\t\t\t\t\t<a class=\"elementor-button elementor-button-link elementor-size-lg\" href=\"\/yritys\/\">\n\t\t\t\t\t\t<span class=\"elementor-button-content-wrapper\">\n\t\t\t\t\t\t\t\t\t<span class=\"elementor-button-text\">Best\u00e4ll installationstj\u00e4nsten<\/span>\n\t\t\t\t\t<\/span>\n\t\t\t\t\t<\/a>\n\t\t\t\t<\/div>\n\t\t\t\t\t\t\t\t<\/div>\n\t\t\t\t<\/div>\n\t\t\t\t\t<\/div>\n\t\t\t\t<\/div>\n\t\t\t\t\t<\/div>\n\t\t\t\t<\/div>\n\t\t\t\t\t<\/div>\n\t\t\t\t<\/div>\n\t\t<div class=\"elementor-element elementor-element-91cff9b e-flex e-con-boxed e-con e-parent\" data-id=\"91cff9b\" data-element_type=\"container\" data-settings=\"{&quot;jet_parallax_layout_list&quot;:[]}\">\n\t\t\t\t\t<div class=\"e-con-inner\">\n\t\t\t\t<div class=\"elementor-element elementor-element-1dd8900 elementor-widget-divider--view-line elementor-widget elementor-widget-divider\" data-id=\"1dd8900\" data-element_type=\"widget\" data-widget_type=\"divider.default\">\n\t\t\t\t<div class=\"elementor-widget-container\">\n\t\t\t\t\t\t\t<div class=\"elementor-divider\">\n\t\t\t<span class=\"elementor-divider-separator\">\n\t\t\t\t\t\t<\/span>\n\t\t<\/div>\n\t\t\t\t\t\t<\/div>\n\t\t\t\t<\/div>\n\t\t\t\t<div class=\"elementor-element elementor-element-3ca4cd6 elementor-widget elementor-widget-heading\" data-id=\"3ca4cd6\" data-element_type=\"widget\" data-widget_type=\"heading.default\">\n\t\t\t\t<div class=\"elementor-widget-container\">\n\t\t\t\t\t<h2 class=\"elementor-heading-title elementor-size-default\">PDF-filer<\/h2>\t\t\t\t<\/div>\n\t\t\t\t<\/div>\n\t\t<div class=\"elementor-element elementor-element-2d8a0a1 e-flex e-con-boxed e-con e-child\" data-id=\"2d8a0a1\" data-element_type=\"container\" data-settings=\"{&quot;jet_parallax_layout_list&quot;:[]}\">\n\t\t\t\t\t<div class=\"e-con-inner\">\n\t\t\t\t<div class=\"elementor-element elementor-element-5991929 elementor-mobile-align-justify elementor-align-left elementor-widget elementor-widget-button\" data-id=\"5991929\" data-element_type=\"widget\" data-widget_type=\"button.default\">\n\t\t\t\t<div class=\"elementor-widget-container\">\n\t\t\t\t\t\t\t\t\t<div class=\"elementor-button-wrapper\">\n\t\t\t\t\t<a class=\"elementor-button elementor-button-link elementor-size-lg\" href=\"http:\/\/luxnel.com\/wp-content\/uploads\/2023\/04\/Huomioi-suunnittelussa.pdf\" target=\"_blank\">\n\t\t\t\t\t\t<span class=\"elementor-button-content-wrapper\">\n\t\t\t\t\t\t\t\t\t<span class=\"elementor-button-text\">Designinstruktion<\/span>\n\t\t\t\t\t<\/span>\n\t\t\t\t\t<\/a>\n\t\t\t\t<\/div>\n\t\t\t\t\t\t\t\t<\/div>\n\t\t\t\t<\/div>\n\t\t\t\t<div class=\"elementor-element elementor-element-2d6e6eb elementor-mobile-align-justify elementor-align-left elementor-widget elementor-widget-button\" data-id=\"2d6e6eb\" data-element_type=\"widget\" data-widget_type=\"button.default\">\n\t\t\t\t<div class=\"elementor-widget-container\">\n\t\t\t\t\t\t\t\t\t<div class=\"elementor-button-wrapper\">\n\t\t\t\t\t<a class=\"elementor-button elementor-button-link elementor-size-lg\" href=\"http:\/\/luxnel.com\/wp-content\/uploads\/2023\/04\/Luxnel-asennusohje-web.pdf\" target=\"_blank\">\n\t\t\t\t\t\t<span class=\"elementor-button-content-wrapper\">\n\t\t\t\t\t\t\t\t\t<span class=\"elementor-button-text\">Installations instruktioner<\/span>\n\t\t\t\t\t<\/span>\n\t\t\t\t\t<\/a>\n\t\t\t\t<\/div>\n\t\t\t\t\t\t\t\t<\/div>\n\t\t\t\t<\/div>\n\t\t\t\t<div class=\"elementor-element elementor-element-fbebcf1 elementor-mobile-align-justify elementor-align-left elementor-widget elementor-widget-button\" data-id=\"fbebcf1\" data-element_type=\"widget\" data-widget_type=\"button.default\">\n\t\t\t\t<div class=\"elementor-widget-container\">\n\t\t\t\t\t\t\t\t\t<div class=\"elementor-button-wrapper\">\n\t\t\t\t\t<a class=\"elementor-button elementor-button-link elementor-size-lg\" href=\"http:\/\/luxnel.com\/wp-content\/uploads\/2023\/04\/Luxnel-Mittausohje-web.pdf\" target=\"_blank\">\n\t\t\t\t\t\t<span class=\"elementor-button-content-wrapper\">\n\t\t\t\t\t\t\t\t\t<span class=\"elementor-button-text\">M\u00e4tanvisningar<\/span>\n\t\t\t\t\t<\/span>\n\t\t\t\t\t<\/a>\n\t\t\t\t<\/div>\n\t\t\t\t\t\t\t\t<\/div>\n\t\t\t\t<\/div>\n\t\t\t\t\t<\/div>\n\t\t\t\t<\/div>\n\t\t\t\t\t<\/div>\n\t\t\t\t<\/div>\n\t\t\t\t<\/div>","protected":false},"excerpt":{"rendered":"<p>PALVELUT Tuotantotiloissamme on esill\u00e4 laaja valikoima Luxnel toteutuksia. Olet tervetullut tutustumaan tuotteeseen silloin, kuin sinulle sopii, my\u00f6s iltaisin tai viikonloppuisin. Ota yhteytt\u00e4 ja sovi tapaaminen. Suunnittelu Halutessasi meilt\u00e4 on mahdollista tilata suunnittelupalvelu, jolloin asiantuntijamme saapuu paikalle ja avustaa tuotteen suunniteluun liittyviss\u00e4 asioissa. Asiantuntijallamme on mukana esittelyversio tuotteesta, joten p\u00e4\u00e4set n\u00e4kem\u00e4\u00e4n kuinka Luxnel sopii kotiisi. Tilaa [&hellip;]<\/p>","protected":false},"author":1,"featured_media":0,"parent":0,"menu_order":0,"comment_status":"closed","ping_status":"closed","template":"","meta":{"iawp_total_views":129,"footnotes":""},"class_list":["post-679","page","type-page","status-publish","hentry"],"yoast_head":"<!-- This site is optimized with the Yoast SEO plugin v26.3 - https:\/\/yoast.com\/wordpress\/plugins\/seo\/ -->\n<title>Valaistun v\u00e4litilan suunnittelu ja asennus | Luxnel palvelut<\/title>\n<meta name=\"description\" content=\"Haluatko yksil\u00f6llisen v\u00e4litilan valotaulun? Luxnelilta my\u00f6s suunnittelu ja asennus. Tutustu palveluihimme ja tilaa oma Luxnelisi!\" \/>\n<meta name=\"robots\" content=\"index, follow, max-snippet:-1, max-image-preview:large, max-video-preview:-1\" \/>\n<link rel=\"canonical\" href=\"https:\/\/luxnel.com\/sv\/palvelut\/\" \/>\n<meta property=\"og:locale\" content=\"sv_SE\" \/>\n<meta property=\"og:type\" content=\"article\" \/>\n<meta property=\"og:title\" content=\"Valaistun v\u00e4litilan suunnittelu ja asennus | Luxnel palvelut\" \/>\n<meta property=\"og:description\" content=\"Haluatko yksil\u00f6llisen v\u00e4litilan valotaulun? Luxnelilta my\u00f6s suunnittelu ja asennus. Tutustu palveluihimme ja tilaa oma Luxnelisi!\" \/>\n<meta property=\"og:url\" content=\"https:\/\/luxnel.com\/sv\/palvelut\/\" \/>\n<meta property=\"og:site_name\" content=\"Luxnel\" \/>\n<meta property=\"article:publisher\" content=\"https:\/\/www.facebook.com\/Luxnelvalotaulu\/\" \/>\n<meta property=\"article:modified_time\" content=\"2024-10-02T06:40:49+00:00\" \/>\n<meta property=\"og:image\" content=\"https:\/\/luxnel.com\/wp-content\/uploads\/2023\/04\/icon_asennus.png\" \/>\n<meta name=\"twitter:card\" content=\"summary_large_image\" \/>\n<meta name=\"twitter:label1\" content=\"Ber\u00e4knad l\u00e4stid\" \/>\n\t<meta name=\"twitter:data1\" content=\"1 minut\" \/>\n<script type=\"application\/ld+json\" class=\"yoast-schema-graph\">{\"@context\":\"https:\/\/schema.org\",\"@graph\":[{\"@type\":\"WebPage\",\"@id\":\"https:\/\/luxnel.com\/palvelut\/\",\"url\":\"https:\/\/luxnel.com\/palvelut\/\",\"name\":\"Valaistun v\u00e4litilan suunnittelu ja asennus | Luxnel palvelut\",\"isPartOf\":{\"@id\":\"https:\/\/luxnel.com\/#website\"},\"primaryImageOfPage\":{\"@id\":\"https:\/\/luxnel.com\/palvelut\/#primaryimage\"},\"image\":{\"@id\":\"https:\/\/luxnel.com\/palvelut\/#primaryimage\"},\"thumbnailUrl\":\"https:\/\/luxnel.com\/wp-content\/uploads\/2023\/04\/icon_asennus.png\",\"datePublished\":\"2023-04-21T13:44:25+00:00\",\"dateModified\":\"2024-10-02T06:40:49+00:00\",\"description\":\"Haluatko yksil\u00f6llisen v\u00e4litilan valotaulun? Luxnelilta my\u00f6s suunnittelu ja asennus. Tutustu palveluihimme ja tilaa oma Luxnelisi!\",\"breadcrumb\":{\"@id\":\"https:\/\/luxnel.com\/palvelut\/#breadcrumb\"},\"inLanguage\":\"sv-SE\",\"potentialAction\":[{\"@type\":\"ReadAction\",\"target\":[\"https:\/\/luxnel.com\/palvelut\/\"]}]},{\"@type\":\"ImageObject\",\"inLanguage\":\"sv-SE\",\"@id\":\"https:\/\/luxnel.com\/palvelut\/#primaryimage\",\"url\":\"https:\/\/luxnel.com\/wp-content\/uploads\/2023\/04\/icon_asennus.png\",\"contentUrl\":\"https:\/\/luxnel.com\/wp-content\/uploads\/2023\/04\/icon_asennus.png\"},{\"@type\":\"BreadcrumbList\",\"@id\":\"https:\/\/luxnel.com\/palvelut\/#breadcrumb\",\"itemListElement\":[{\"@type\":\"ListItem\",\"position\":1,\"name\":\"Etusivu\",\"item\":\"https:\/\/luxnel.com\/\"},{\"@type\":\"ListItem\",\"position\":2,\"name\":\"Palvelut\"}]},{\"@type\":\"WebSite\",\"@id\":\"https:\/\/luxnel.com\/#website\",\"url\":\"https:\/\/luxnel.com\/\",\"name\":\"Luxnel\",\"description\":\"Valolla toimivat sistusu koriste keitti\u00f6taulut\",\"publisher\":{\"@id\":\"https:\/\/luxnel.com\/#organization\"},\"potentialAction\":[{\"@type\":\"SearchAction\",\"target\":{\"@type\":\"EntryPoint\",\"urlTemplate\":\"https:\/\/luxnel.com\/?s={search_term_string}\"},\"query-input\":{\"@type\":\"PropertyValueSpecification\",\"valueRequired\":true,\"valueName\":\"search_term_string\"}}],\"inLanguage\":\"sv-SE\"},{\"@type\":\"Organization\",\"@id\":\"https:\/\/luxnel.com\/#organization\",\"name\":\"Luxnel\",\"url\":\"https:\/\/luxnel.com\/\",\"logo\":{\"@type\":\"ImageObject\",\"inLanguage\":\"sv-SE\",\"@id\":\"https:\/\/luxnel.com\/#\/schema\/logo\/image\/\",\"url\":\"https:\/\/luxnel.com\/wp-content\/uploads\/2023\/04\/Luxnel_Logo.png\",\"contentUrl\":\"https:\/\/luxnel.com\/wp-content\/uploads\/2023\/04\/Luxnel_Logo.png\",\"width\":2031,\"height\":1172,\"caption\":\"Luxnel\"},\"image\":{\"@id\":\"https:\/\/luxnel.com\/#\/schema\/logo\/image\/\"},\"sameAs\":[\"https:\/\/www.facebook.com\/Luxnelvalotaulu\/\",\"https:\/\/www.instagram.com\/luxnel_fi\/?hl=fi\"]}]}<\/script>\n<!-- \/ Yoast SEO plugin. -->","yoast_head_json":{"title":"Valaistun v\u00e4litilan suunnittelu ja asennus | Luxnel palvelut","description":"Haluatko yksil\u00f6llisen v\u00e4litilan valotaulun? Luxnelilta my\u00f6s suunnittelu ja asennus. Tutustu palveluihimme ja tilaa oma Luxnelisi!","robots":{"index":"index","follow":"follow","max-snippet":"max-snippet:-1","max-image-preview":"max-image-preview:large","max-video-preview":"max-video-preview:-1"},"canonical":"https:\/\/luxnel.com\/sv\/palvelut\/","og_locale":"sv_SE","og_type":"article","og_title":"Valaistun v\u00e4litilan suunnittelu ja asennus | Luxnel palvelut","og_description":"Haluatko yksil\u00f6llisen v\u00e4litilan valotaulun? Luxnelilta my\u00f6s suunnittelu ja asennus. Tutustu palveluihimme ja tilaa oma Luxnelisi!","og_url":"https:\/\/luxnel.com\/sv\/palvelut\/","og_site_name":"Luxnel","article_publisher":"https:\/\/www.facebook.com\/Luxnelvalotaulu\/","article_modified_time":"2024-10-02T06:40:49+00:00","og_image":[{"url":"https:\/\/luxnel.com\/wp-content\/uploads\/2023\/04\/icon_asennus.png","type":"","width":"","height":""}],"twitter_card":"summary_large_image","twitter_misc":{"Ber\u00e4knad l\u00e4stid":"1 minut"},"schema":{"@context":"https:\/\/schema.org","@graph":[{"@type":"WebPage","@id":"https:\/\/luxnel.com\/palvelut\/","url":"https:\/\/luxnel.com\/palvelut\/","name":"Valaistun v\u00e4litilan suunnittelu ja asennus | Luxnel palvelut","isPartOf":{"@id":"https:\/\/luxnel.com\/#website"},"primaryImageOfPage":{"@id":"https:\/\/luxnel.com\/palvelut\/#primaryimage"},"image":{"@id":"https:\/\/luxnel.com\/palvelut\/#primaryimage"},"thumbnailUrl":"https:\/\/luxnel.com\/wp-content\/uploads\/2023\/04\/icon_asennus.png","datePublished":"2023-04-21T13:44:25+00:00","dateModified":"2024-10-02T06:40:49+00:00","description":"Haluatko yksil\u00f6llisen v\u00e4litilan valotaulun? Luxnelilta my\u00f6s suunnittelu ja asennus. Tutustu palveluihimme ja tilaa oma Luxnelisi!","breadcrumb":{"@id":"https:\/\/luxnel.com\/palvelut\/#breadcrumb"},"inLanguage":"sv-SE","potentialAction":[{"@type":"ReadAction","target":["https:\/\/luxnel.com\/palvelut\/"]}]},{"@type":"ImageObject","inLanguage":"sv-SE","@id":"https:\/\/luxnel.com\/palvelut\/#primaryimage","url":"https:\/\/luxnel.com\/wp-content\/uploads\/2023\/04\/icon_asennus.png","contentUrl":"https:\/\/luxnel.com\/wp-content\/uploads\/2023\/04\/icon_asennus.png"},{"@type":"BreadcrumbList","@id":"https:\/\/luxnel.com\/palvelut\/#breadcrumb","itemListElement":[{"@type":"ListItem","position":1,"name":"Etusivu","item":"https:\/\/luxnel.com\/"},{"@type":"ListItem","position":2,"name":"Palvelut"}]},{"@type":"WebSite","@id":"https:\/\/luxnel.com\/#website","url":"https:\/\/luxnel.com\/","name":"Luxnel","description":"Valolla toimivat sistusu koriste keitti\u00f6taulut","publisher":{"@id":"https:\/\/luxnel.com\/#organization"},"potentialAction":[{"@type":"SearchAction","target":{"@type":"EntryPoint","urlTemplate":"https:\/\/luxnel.com\/?s={search_term_string}"},"query-input":{"@type":"PropertyValueSpecification","valueRequired":true,"valueName":"search_term_string"}}],"inLanguage":"sv-SE"},{"@type":"Organization","@id":"https:\/\/luxnel.com\/#organization","name":"Luxnel","url":"https:\/\/luxnel.com\/","logo":{"@type":"ImageObject","inLanguage":"sv-SE","@id":"https:\/\/luxnel.com\/#\/schema\/logo\/image\/","url":"https:\/\/luxnel.com\/wp-content\/uploads\/2023\/04\/Luxnel_Logo.png","contentUrl":"https:\/\/luxnel.com\/wp-content\/uploads\/2023\/04\/Luxnel_Logo.png","width":2031,"height":1172,"caption":"Luxnel"},"image":{"@id":"https:\/\/luxnel.com\/#\/schema\/logo\/image\/"},"sameAs":["https:\/\/www.facebook.com\/Luxnelvalotaulu\/","https:\/\/www.instagram.com\/luxnel_fi\/?hl=fi"]}]}},"_links":{"self":[{"href":"https:\/\/luxnel.com\/sv\/wp-json\/wp\/v2\/pages\/679","targetHints":{"allow":["GET"]}}],"collection":[{"href":"https:\/\/luxnel.com\/sv\/wp-json\/wp\/v2\/pages"}],"about":[{"href":"https:\/\/luxnel.com\/sv\/wp-json\/wp\/v2\/types\/page"}],"author":[{"embeddable":true,"href":"https:\/\/luxnel.com\/sv\/wp-json\/wp\/v2\/users\/1"}],"replies":[{"embeddable":true,"href":"https:\/\/luxnel.com\/sv\/wp-json\/wp\/v2\/comments?post=679"}],"version-history":[{"count":118,"href":"https:\/\/luxnel.com\/sv\/wp-json\/wp\/v2\/pages\/679\/revisions"}],"predecessor-version":[{"id":2095,"href":"https:\/\/luxnel.com\/sv\/wp-json\/wp\/v2\/pages\/679\/revisions\/2095"}],"wp:attachment":[{"href":"https:\/\/luxnel.com\/sv\/wp-json\/wp\/v2\/media?parent=679"}],"curies":[{"name":"wp","href":"https:\/\/api.w.org\/{rel}","templated":true}]}}