{"id":2103,"date":"2024-06-24T09:44:20","date_gmt":"2024-06-24T06:44:20","guid":{"rendered":"https:\/\/luxnel.com\/?page_id=2103"},"modified":"2024-11-21T13:01:02","modified_gmt":"2024-11-21T10:01:02","slug":"etusivu-2","status":"publish","type":"page","link":"https:\/\/luxnel.com\/sv\/","title":{"rendered":"Etusivu"},"content":{"rendered":"<div data-elementor-type=\"wp-page\" data-elementor-id=\"2103\" class=\"elementor elementor-2103\" data-elementor-post-type=\"page\">\n\t\t\t\t<div class=\"elementor-element elementor-element-f02a33f e-con-full e-flex e-con e-parent\" data-id=\"f02a33f\" data-element_type=\"container\" data-settings=\"{&quot;background_background&quot;:&quot;video&quot;,&quot;jet_parallax_layout_list&quot;:[],&quot;background_video_link&quot;:&quot;https:\\\/\\\/luxnel.com\\\/wp-content\\\/uploads\\\/2023\\\/05\\\/Luxnel_Master_HD_1.6.2019.m4v&quot;,&quot;background_video_start&quot;:1,&quot;background_video_end&quot;:75,&quot;background_play_on_mobile&quot;:&quot;yes&quot;}\">\n\t\t<div class=\"elementor-background-video-container\" aria-hidden=\"true\">\n\t\t\t\t\t\t\t<video class=\"elementor-background-video-hosted\" autoplay muted playsinline loop><\/video>\n\t\t\t\t\t<\/div>\t\t<\/div>\n\t\t<div class=\"elementor-element elementor-element-a4105ab e-con-full e-flex e-con e-parent\" data-id=\"a4105ab\" data-element_type=\"container\" data-settings=\"{&quot;jet_parallax_layout_list&quot;:[],&quot;background_background&quot;:&quot;gradient&quot;}\">\n\t\t\t\t<div class=\"elementor-element elementor-element-031228b elementor-widget elementor-widget-heading\" data-id=\"031228b\" data-element_type=\"widget\" data-widget_type=\"heading.default\">\n\t\t\t\t<div class=\"elementor-widget-container\">\n\t\t\t\t\t<h1 class=\"elementor-heading-title elementor-size-default\">Valaise ja sisusta<\/h1>\t\t\t\t<\/div>\n\t\t\t\t<\/div>\n\t\t\t\t<div class=\"elementor-element elementor-element-a2579cb elementor-widget elementor-widget-heading\" data-id=\"a2579cb\" data-element_type=\"widget\" data-widget_type=\"heading.default\">\n\t\t\t\t<div class=\"elementor-widget-container\">\n\t\t\t\t\t<p class=\"elementor-heading-title elementor-size-default\">tunnelman mukaan<\/p>\t\t\t\t<\/div>\n\t\t\t\t<\/div>\n\t\t<div class=\"elementor-element elementor-element-0c5daf9 e-grid e-con-full e-con e-child\" data-id=\"0c5daf9\" data-element_type=\"container\" data-settings=\"{&quot;jet_parallax_layout_list&quot;:[]}\">\n\t\t\t\t<div class=\"elementor-element elementor-element-c2828e6 elementor-mobile-align-justify elementor-align-right elementor-widget elementor-widget-button\" data-id=\"c2828e6\" data-element_type=\"widget\" data-widget_type=\"button.default\">\n\t\t\t\t<div class=\"elementor-widget-container\">\n\t\t\t\t\t\t\t\t\t<div class=\"elementor-button-wrapper\">\n\t\t\t\t\t<a class=\"elementor-button elementor-button-link elementor-size-lg\" href=\"https:\/\/luxnel.com\/tuote\/\">\n\t\t\t\t\t\t<span class=\"elementor-button-content-wrapper\">\n\t\t\t\t\t\t\t\t\t<span class=\"elementor-button-text\">Tutustu tuotteeseen<\/span>\n\t\t\t\t\t<\/span>\n\t\t\t\t\t<\/a>\n\t\t\t\t<\/div>\n\t\t\t\t\t\t\t\t<\/div>\n\t\t\t\t<\/div>\n\t\t\t\t<div class=\"elementor-element elementor-element-8f31a3b elementor-mobile-align-justify elementor-align-left elementor-widget elementor-widget-button\" data-id=\"8f31a3b\" data-element_type=\"widget\" data-widget_type=\"button.default\">\n\t\t\t\t<div class=\"elementor-widget-container\">\n\t\t\t\t\t\t\t\t\t<div class=\"elementor-button-wrapper\">\n\t\t\t\t\t<a class=\"elementor-button elementor-button-link elementor-size-lg\" href=\"https:\/\/luxnel.com\/yritys\/\">\n\t\t\t\t\t\t<span class=\"elementor-button-content-wrapper\">\n\t\t\t\t\t\t\t\t\t<span class=\"elementor-button-text\">Varaa aikasi esittelyyn!<\/span>\n\t\t\t\t\t<\/span>\n\t\t\t\t\t<\/a>\n\t\t\t\t<\/div>\n\t\t\t\t\t\t\t\t<\/div>\n\t\t\t\t<\/div>\n\t\t\t\t<\/div>\n\t\t\t\t<div class=\"elementor-element elementor-element-0492bab elementor-widget__width-initial elementor-widget elementor-widget-heading\" data-id=\"0492bab\" data-element_type=\"widget\" data-widget_type=\"heading.default\">\n\t\t\t\t<div class=\"elementor-widget-container\">\n\t\t\t\t\t<h2 class=\"elementor-heading-title elementor-size-default\">V\u00e5r egen produktion tillverkar produkter alltid enligt kundens behov<\/h2>\t\t\t\t<\/div>\n\t\t\t\t<\/div>\n\t\t\t\t<div class=\"elementor-element elementor-element-74094ca elementor-widget elementor-widget-text-editor\" data-id=\"74094ca\" data-element_type=\"widget\" data-widget_type=\"text-editor.default\">\n\t\t\t\t<div class=\"elementor-widget-container\">\n\t\t\t\t\t\t\t\t\t<p>Luxnel har en unik kombination av stil, praktiskhet och individualitet: en produkt som f\u00f6renar ljus och bild.<\/p>\t\t\t\t\t\t\t\t<\/div>\n\t\t\t\t<\/div>\n\t\t\t\t<\/div>\n\t\t<div class=\"elementor-element elementor-element-f83dd94 e-flex e-con-boxed e-con e-parent\" data-id=\"f83dd94\" data-element_type=\"container\" data-settings=\"{&quot;jet_parallax_layout_list&quot;:[]}\">\n\t\t\t\t\t<div class=\"e-con-inner\">\n\t\t<div class=\"elementor-element elementor-element-154d727 e-con-full e-flex e-con e-child\" data-id=\"154d727\" data-element_type=\"container\" data-settings=\"{&quot;jet_parallax_layout_list&quot;:[]}\">\n\t\t\t\t<div class=\"elementor-element elementor-element-f96d76b elementor-widget elementor-widget-image\" data-id=\"f96d76b\" data-element_type=\"widget\" data-widget_type=\"image.default\">\n\t\t\t\t<div class=\"elementor-widget-container\">\n\t\t\t\t\t\t\t\t\t\t\t\t\t\t\t<img fetchpriority=\"high\" decoding=\"async\" width=\"800\" height=\"539\" src=\"https:\/\/luxnel.com\/wp-content\/uploads\/2024\/07\/toimiston-valaistus-ja-sisustus-1024x690.jpg\" class=\"attachment-large size-large wp-image-2178\" alt=\"\" srcset=\"https:\/\/luxnel.com\/wp-content\/uploads\/2024\/07\/toimiston-valaistus-ja-sisustus-1024x690.jpg 1024w, https:\/\/luxnel.com\/wp-content\/uploads\/2024\/07\/toimiston-valaistus-ja-sisustus-300x202.jpg 300w, https:\/\/luxnel.com\/wp-content\/uploads\/2024\/07\/toimiston-valaistus-ja-sisustus-768x518.jpg 768w, https:\/\/luxnel.com\/wp-content\/uploads\/2024\/07\/toimiston-valaistus-ja-sisustus-1536x1035.jpg 1536w, https:\/\/luxnel.com\/wp-content\/uploads\/2024\/07\/toimiston-valaistus-ja-sisustus-18x12.jpg 18w, https:\/\/luxnel.com\/wp-content\/uploads\/2024\/07\/toimiston-valaistus-ja-sisustus.jpg 1920w\" sizes=\"(max-width: 800px) 100vw, 800px\" \/>\t\t\t\t\t\t\t\t\t\t\t\t\t\t\t<\/div>\n\t\t\t\t<\/div>\n\t\t\t\t<\/div>\n\t\t<div class=\"elementor-element elementor-element-026ae1d e-con-full e-flex e-con e-child\" data-id=\"026ae1d\" data-element_type=\"container\" data-settings=\"{&quot;jet_parallax_layout_list&quot;:[]}\">\n\t\t<div class=\"elementor-element elementor-element-8d5a530 e-con-full e-flex e-con e-child\" data-id=\"8d5a530\" data-element_type=\"container\" data-settings=\"{&quot;background_background&quot;:&quot;classic&quot;,&quot;jet_parallax_layout_list&quot;:[]}\">\n\t\t\t\t<div class=\"elementor-element elementor-element-5a8d1b7 elementor-widget elementor-widget-heading\" data-id=\"5a8d1b7\" data-element_type=\"widget\" data-widget_type=\"heading.default\">\n\t\t\t\t<div class=\"elementor-widget-container\">\n\t\t\t\t\t<h2 class=\"elementor-heading-title elementor-size-default\">Ainutlaatuinen sisustusratkaisu, joka her\u00e4tt\u00e4\u00e4 kuvat eloon<\/h2>\t\t\t\t<\/div>\n\t\t\t\t<\/div>\n\t\t\t\t<div class=\"elementor-element elementor-element-1c2c965 elementor-widget elementor-widget-text-editor\" data-id=\"1c2c965\" data-element_type=\"widget\" data-widget_type=\"text-editor.default\">\n\t\t\t\t<div class=\"elementor-widget-container\">\n\t\t\t\t\t\t\t\t\t<p>Luxnel \u00e4r en unik inredningsl\u00f6sning som kombinerar ljus och bild. Luxnel ljusskiva \u00e4r en skr\u00e4ddarsydd panel som j\u00e4mnt lyser upp hela sin yta med naturligt ljus \u2013 som ett f\u00f6nster. Ljuset kommer genom bilden och ger den liv. Med Luxnel kompletterar du inredningen med ett unikt blickf\u00e5ng.<\/p>\t\t\t\t\t\t\t\t<\/div>\n\t\t\t\t<\/div>\n\t\t\t\t<\/div>\n\t\t\t\t<\/div>\n\t\t\t\t\t<\/div>\n\t\t\t\t<\/div>\n\t\t<div class=\"elementor-element elementor-element-72d337d e-flex e-con-boxed e-con e-parent\" data-id=\"72d337d\" data-element_type=\"container\" data-settings=\"{&quot;jet_parallax_layout_list&quot;:[]}\">\n\t\t\t\t\t<div class=\"e-con-inner\">\n\t\t<div class=\"elementor-element elementor-element-39527d1 e-con-full e-flex e-con e-child\" data-id=\"39527d1\" data-element_type=\"container\" data-settings=\"{&quot;jet_parallax_layout_list&quot;:[]}\">\n\t\t<div class=\"elementor-element elementor-element-5f472e4 e-con-full e-flex e-con e-child\" data-id=\"5f472e4\" data-element_type=\"container\" data-settings=\"{&quot;background_background&quot;:&quot;classic&quot;,&quot;jet_parallax_layout_list&quot;:[]}\">\n\t\t\t\t<div class=\"elementor-element elementor-element-7291d08 elementor-widget elementor-widget-heading\" data-id=\"7291d08\" data-element_type=\"widget\" data-widget_type=\"heading.default\">\n\t\t\t\t<div class=\"elementor-widget-container\">\n\t\t\t\t\t<h2 class=\"elementor-heading-title elementor-size-default\">Vaihda tunnelmaa helposti kuvaa vaihtamalla<\/h2>\t\t\t\t<\/div>\n\t\t\t\t<\/div>\n\t\t\t\t<div class=\"elementor-element elementor-element-566cd1c elementor-widget elementor-widget-text-editor\" data-id=\"566cd1c\" data-element_type=\"widget\" data-widget_type=\"text-editor.default\">\n\t\t\t\t<div class=\"elementor-widget-container\">\n\t\t\t\t\t\t\t\t\t<p>St\u00e4mningen \u00e4ndras l\u00e4tt genom att \u00e4ndra bilden. V\u00e4lj den bild du gillar efter \u00f6nskad st\u00e4mning. Du kan enkelt \u00e4ndra bilden efter \u00e5rstid, \u00e5rstid eller hum\u00f6r. Bilder \u00e4r gjorda f\u00f6r att t\u00e5la f\u00f6r\u00e4ndringar. Du kan enkelt best\u00e4lla nya bilder enligt de gamla m\u00e5tten direkt fr\u00e5n v\u00e5r fabrik eller din \u00e5terf\u00f6rs\u00e4ljare.<\/p>\t\t\t\t\t\t\t\t<\/div>\n\t\t\t\t<\/div>\n\t\t\t\t<\/div>\n\t\t\t\t<\/div>\n\t\t<div class=\"elementor-element elementor-element-ac1c388 e-con-full e-flex e-con e-child\" data-id=\"ac1c388\" data-element_type=\"container\" data-settings=\"{&quot;jet_parallax_layout_list&quot;:[]}\">\n\t\t\t\t<div class=\"elementor-element elementor-element-d3673b3 elementor-widget elementor-widget-image\" data-id=\"d3673b3\" data-element_type=\"widget\" data-widget_type=\"image.default\">\n\t\t\t\t<div class=\"elementor-widget-container\">\n\t\t\t\t\t\t\t\t\t\t\t\t\t\t\t<img decoding=\"async\" width=\"800\" height=\"509\" src=\"https:\/\/luxnel.com\/wp-content\/uploads\/2024\/07\/kylpyhuoneen-valaistus-sisustus-1024x652.jpg\" class=\"attachment-large size-large wp-image-2179\" alt=\"Kylpyhuoneen valaistus ja sisustus\" srcset=\"https:\/\/luxnel.com\/wp-content\/uploads\/2024\/07\/kylpyhuoneen-valaistus-sisustus-1024x652.jpg 1024w, https:\/\/luxnel.com\/wp-content\/uploads\/2024\/07\/kylpyhuoneen-valaistus-sisustus-300x191.jpg 300w, https:\/\/luxnel.com\/wp-content\/uploads\/2024\/07\/kylpyhuoneen-valaistus-sisustus-768x489.jpg 768w, https:\/\/luxnel.com\/wp-content\/uploads\/2024\/07\/kylpyhuoneen-valaistus-sisustus-1536x978.jpg 1536w, https:\/\/luxnel.com\/wp-content\/uploads\/2024\/07\/kylpyhuoneen-valaistus-sisustus-2048x1304.jpg 2048w, https:\/\/luxnel.com\/wp-content\/uploads\/2024\/07\/kylpyhuoneen-valaistus-sisustus-18x12.jpg 18w\" sizes=\"(max-width: 800px) 100vw, 800px\" \/>\t\t\t\t\t\t\t\t\t\t\t\t\t\t\t<\/div>\n\t\t\t\t<\/div>\n\t\t\t\t<\/div>\n\t\t\t\t\t<\/div>\n\t\t\t\t<\/div>\n\t\t<div class=\"elementor-element elementor-element-c2ffb91 e-flex e-con-boxed e-con e-parent\" data-id=\"c2ffb91\" data-element_type=\"container\" data-settings=\"{&quot;jet_parallax_layout_list&quot;:[]}\">\n\t\t\t\t\t<div class=\"e-con-inner\">\n\t\t<div class=\"elementor-element elementor-element-fa3fa0b e-con-full e-flex e-con e-child\" data-id=\"fa3fa0b\" data-element_type=\"container\" data-settings=\"{&quot;jet_parallax_layout_list&quot;:[]}\">\n\t\t\t\t<div class=\"elementor-element elementor-element-859a757 elementor-widget elementor-widget-image\" data-id=\"859a757\" data-element_type=\"widget\" data-widget_type=\"image.default\">\n\t\t\t\t<div class=\"elementor-widget-container\">\n\t\t\t\t\t\t\t\t\t\t\t\t\t\t\t<img decoding=\"async\" width=\"800\" height=\"479\" src=\"https:\/\/luxnel.com\/wp-content\/uploads\/2023\/05\/IMG_9692b-kopio-1-1024x613.jpg\" class=\"attachment-large size-large wp-image-1487\" alt=\"\" srcset=\"https:\/\/luxnel.com\/wp-content\/uploads\/2023\/05\/IMG_9692b-kopio-1-1024x613.jpg 1024w, https:\/\/luxnel.com\/wp-content\/uploads\/2023\/05\/IMG_9692b-kopio-1-300x180.jpg 300w, https:\/\/luxnel.com\/wp-content\/uploads\/2023\/05\/IMG_9692b-kopio-1-768x460.jpg 768w, https:\/\/luxnel.com\/wp-content\/uploads\/2023\/05\/IMG_9692b-kopio-1-1536x919.jpg 1536w, https:\/\/luxnel.com\/wp-content\/uploads\/2023\/05\/IMG_9692b-kopio-1-2048x1226.jpg 2048w\" sizes=\"(max-width: 800px) 100vw, 800px\" \/>\t\t\t\t\t\t\t\t\t\t\t\t\t\t\t<\/div>\n\t\t\t\t<\/div>\n\t\t\t\t<\/div>\n\t\t<div class=\"elementor-element elementor-element-c4d84d7 e-con-full e-flex e-con e-child\" data-id=\"c4d84d7\" data-element_type=\"container\" data-settings=\"{&quot;jet_parallax_layout_list&quot;:[]}\">\n\t\t<div class=\"elementor-element elementor-element-b6da21e e-con-full e-flex e-con e-child\" data-id=\"b6da21e\" data-element_type=\"container\" data-settings=\"{&quot;background_background&quot;:&quot;classic&quot;,&quot;jet_parallax_layout_list&quot;:[]}\">\n\t\t\t\t<div class=\"elementor-element elementor-element-487b640 elementor-widget elementor-widget-heading\" data-id=\"487b640\" data-element_type=\"widget\" data-widget_type=\"heading.default\">\n\t\t\t\t<div class=\"elementor-widget-container\">\n\t\t\t\t\t<h2 class=\"elementor-heading-title elementor-size-default\">Ikuista el\u00e4m\u00e4si t\u00e4rkeimm\u00e4t hetket keitti\u00f6si v\u00e4litilaan<\/h2>\t\t\t\t<\/div>\n\t\t\t\t<\/div>\n\t\t\t\t<div class=\"elementor-element elementor-element-3cea630 elementor-widget elementor-widget-text-editor\" data-id=\"3cea630\" data-element_type=\"widget\" data-widget_type=\"text-editor.default\">\n\t\t\t\t<div class=\"elementor-widget-container\">\n\t\t\t\t\t\t\t\t\t<p>Din bild tar dig till viktiga \u00f6gonblick i ditt liv och till platser som \u00e4r viktiga f\u00f6r dig. Med ljustavlan Luxnel skapar du ett personligt utrymme. Bilden kan till exempel vara en familjeh\u00e4ndelse som ett br\u00f6llop, en semesterresa, ditt eget stuglandskap, en fiskeresa, en annan hobby eller passion. Det \u00e4r trevligt att visa upp sina egna bilder, p\u00e5 ett helt nytt s\u00e4tt.<\/p>\t\t\t\t\t\t\t\t<\/div>\n\t\t\t\t<\/div>\n\t\t\t\t<\/div>\n\t\t\t\t<\/div>\n\t\t\t\t\t<\/div>\n\t\t\t\t<\/div>\n\t\t<div class=\"elementor-element elementor-element-2a0b055 e-flex e-con-boxed e-con e-parent\" data-id=\"2a0b055\" data-element_type=\"container\" data-settings=\"{&quot;jet_parallax_layout_list&quot;:[]}\">\n\t\t\t\t\t<div class=\"e-con-inner\">\n\t\t\t\t<div class=\"elementor-element elementor-element-62689d6 elementor-widget elementor-widget-heading\" data-id=\"62689d6\" data-element_type=\"widget\" data-widget_type=\"heading.default\">\n\t\t\t\t<div class=\"elementor-widget-container\">\n\t\t\t\t\t<h2 class=\"elementor-heading-title elementor-size-default\">Kuvagalleria<\/h2>\t\t\t\t<\/div>\n\t\t\t\t<\/div>\n\t\t\t\t<div class=\"elementor-element elementor-element-f3a4df7 elementor-widget elementor-widget-text-editor\" data-id=\"f3a4df7\" data-element_type=\"widget\" data-widget_type=\"text-editor.default\">\n\t\t\t\t<div class=\"elementor-widget-container\">\n\t\t\t\t\t\t\t\t\t<p>Fullborda din dr\u00f6m med ett unikt blickf\u00e5ng<\/p>\t\t\t\t\t\t\t\t<\/div>\n\t\t\t\t<\/div>\n\t\t\t\t<div class=\"elementor-element elementor-element-3421dc8 elementor-widget elementor-widget-image\" data-id=\"3421dc8\" data-element_type=\"widget\" data-widget_type=\"image.default\">\n\t\t\t\t<div class=\"elementor-widget-container\">\n\t\t\t\t\t\t\t\t\t\t\t\t\t\t\t<img loading=\"lazy\" decoding=\"async\" width=\"800\" height=\"877\" src=\"https:\/\/luxnel.com\/wp-content\/uploads\/2023\/05\/Etusivu_Galleria.jpg\" class=\"attachment-large size-large wp-image-1855\" alt=\"Kuvagalleria etusivu\" srcset=\"https:\/\/luxnel.com\/wp-content\/uploads\/2023\/05\/Etusivu_Galleria.jpg 934w, https:\/\/luxnel.com\/wp-content\/uploads\/2023\/05\/Etusivu_Galleria-274x300.jpg 274w, https:\/\/luxnel.com\/wp-content\/uploads\/2023\/05\/Etusivu_Galleria-768x842.jpg 768w\" sizes=\"(max-width: 800px) 100vw, 800px\" \/>\t\t\t\t\t\t\t\t\t\t\t\t\t\t\t<\/div>\n\t\t\t\t<\/div>\n\t\t\t\t<div class=\"elementor-element elementor-element-f730f01 elementor-mobile-align-justify elementor-align-center elementor-widget elementor-widget-button\" data-id=\"f730f01\" data-element_type=\"widget\" data-widget_type=\"button.default\">\n\t\t\t\t<div class=\"elementor-widget-container\">\n\t\t\t\t\t\t\t\t\t<div class=\"elementor-button-wrapper\">\n\t\t\t\t\t<a class=\"elementor-button elementor-button-link elementor-size-lg\" href=\"\/galleria\/\">\n\t\t\t\t\t\t<span class=\"elementor-button-content-wrapper\">\n\t\t\t\t\t\t\t\t\t<span class=\"elementor-button-text\">Se alla bilder<\/span>\n\t\t\t\t\t<\/span>\n\t\t\t\t\t<\/a>\n\t\t\t\t<\/div>\n\t\t\t\t\t\t\t\t<\/div>\n\t\t\t\t<\/div>\n\t\t\t\t\t<\/div>\n\t\t\t\t<\/div>\n\t\t\t\t<\/div>","protected":false},"excerpt":{"rendered":"<p>Valaise ja sisusta tunnelman mukaan Tutustu tuotteeseen Varaa aikasi esittelyyn! Oma tuotantomme valmistaa tuotteet aina asiakkaan tarpeisiin Luxnel on ainutlaatuinen yhdistelm\u00e4 tyylikkyytt\u00e4, k\u00e4yt\u00e4nn\u00f6llisyytt\u00e4 ja yksil\u00f6llisyytt\u00e4: tuote, joka yhdist\u00e4\u00e4 valon ja kuvan. Ainutlaatuinen sisustusratkaisu, joka her\u00e4tt\u00e4\u00e4 kuvat eloon Luxnel on ainutlaatuinen sisustusratkaisu, joka yhdist\u00e4\u00e4 valon ja kuvan. Luxnel valotaulu on mittojen mukaan tehty paneeli, joka valaisee [&hellip;]<\/p>","protected":false},"author":3,"featured_media":0,"parent":0,"menu_order":0,"comment_status":"closed","ping_status":"closed","template":"","meta":{"iawp_total_views":1619,"footnotes":""},"class_list":["post-2103","page","type-page","status-publish","hentry"],"yoast_head":"<!-- This site is optimized with the Yoast SEO plugin v26.3 - https:\/\/yoast.com\/wordpress\/plugins\/seo\/ -->\n<title>Valaise ja sisusta tunnelman mukaan Luxnel valotauluilla<\/title>\n<meta name=\"description\" content=\"Valaise ja sisusta tunnelmasta toiseen Luxnel design-valotauluilla, jotka sopivat kaikenlaiseen sisustukseen. Varaa aikasi esittelyyn!\" \/>\n<meta name=\"robots\" content=\"index, follow, max-snippet:-1, max-image-preview:large, max-video-preview:-1\" \/>\n<link rel=\"canonical\" href=\"https:\/\/luxnel.com\/sv\/\" \/>\n<meta property=\"og:locale\" content=\"sv_SE\" \/>\n<meta property=\"og:type\" content=\"article\" \/>\n<meta property=\"og:title\" content=\"Valaise ja sisusta tunnelman mukaan Luxnel valotauluilla\" \/>\n<meta property=\"og:description\" content=\"Valaise ja sisusta tunnelmasta toiseen Luxnel design-valotauluilla, jotka sopivat kaikenlaiseen sisustukseen. Varaa aikasi esittelyyn!\" \/>\n<meta property=\"og:url\" content=\"https:\/\/luxnel.com\/sv\/\" \/>\n<meta property=\"og:site_name\" content=\"Luxnel\" \/>\n<meta property=\"article:publisher\" content=\"https:\/\/www.facebook.com\/Luxnelvalotaulu\/\" \/>\n<meta property=\"article:modified_time\" content=\"2024-11-21T10:01:02+00:00\" \/>\n<meta property=\"og:image\" content=\"https:\/\/luxnel.com\/wp-content\/uploads\/2024\/07\/toimiston-valaistus-ja-sisustus.jpg\" \/>\n\t<meta property=\"og:image:width\" content=\"1920\" \/>\n\t<meta property=\"og:image:height\" content=\"1294\" \/>\n\t<meta property=\"og:image:type\" content=\"image\/jpeg\" \/>\n<meta name=\"twitter:card\" content=\"summary_large_image\" \/>\n<meta name=\"twitter:label1\" content=\"Ber\u00e4knad l\u00e4stid\" \/>\n\t<meta name=\"twitter:data1\" content=\"2 minuter\" \/>\n<script type=\"application\/ld+json\" class=\"yoast-schema-graph\">{\"@context\":\"https:\/\/schema.org\",\"@graph\":[{\"@type\":\"WebPage\",\"@id\":\"https:\/\/luxnel.com\/\",\"url\":\"https:\/\/luxnel.com\/\",\"name\":\"Valaise ja sisusta tunnelman mukaan Luxnel valotauluilla\",\"isPartOf\":{\"@id\":\"https:\/\/luxnel.com\/#website\"},\"primaryImageOfPage\":{\"@id\":\"https:\/\/luxnel.com\/#primaryimage\"},\"image\":{\"@id\":\"https:\/\/luxnel.com\/#primaryimage\"},\"thumbnailUrl\":\"https:\/\/luxnel.com\/wp-content\/uploads\/2024\/07\/toimiston-valaistus-ja-sisustus-1024x690.jpg\",\"datePublished\":\"2024-06-24T06:44:20+00:00\",\"dateModified\":\"2024-11-21T10:01:02+00:00\",\"description\":\"Valaise ja sisusta tunnelmasta toiseen Luxnel design-valotauluilla, jotka sopivat kaikenlaiseen sisustukseen. Varaa aikasi esittelyyn!\",\"breadcrumb\":{\"@id\":\"https:\/\/luxnel.com\/#breadcrumb\"},\"inLanguage\":\"sv-SE\",\"potentialAction\":[{\"@type\":\"ReadAction\",\"target\":[\"https:\/\/luxnel.com\/\"]}]},{\"@type\":\"ImageObject\",\"inLanguage\":\"sv-SE\",\"@id\":\"https:\/\/luxnel.com\/#primaryimage\",\"url\":\"https:\/\/luxnel.com\/wp-content\/uploads\/2024\/07\/toimiston-valaistus-ja-sisustus-1024x690.jpg\",\"contentUrl\":\"https:\/\/luxnel.com\/wp-content\/uploads\/2024\/07\/toimiston-valaistus-ja-sisustus-1024x690.jpg\"},{\"@type\":\"BreadcrumbList\",\"@id\":\"https:\/\/luxnel.com\/#breadcrumb\",\"itemListElement\":[{\"@type\":\"ListItem\",\"position\":1,\"name\":\"Etusivu\",\"item\":\"https:\/\/luxnel.com\/\"},{\"@type\":\"ListItem\",\"position\":2,\"name\":\"Etusivu\"}]},{\"@type\":\"WebSite\",\"@id\":\"https:\/\/luxnel.com\/#website\",\"url\":\"https:\/\/luxnel.com\/\",\"name\":\"Luxnel\",\"description\":\"Valolla toimivat sistusu koriste keitti\u00f6taulut\",\"publisher\":{\"@id\":\"https:\/\/luxnel.com\/#organization\"},\"potentialAction\":[{\"@type\":\"SearchAction\",\"target\":{\"@type\":\"EntryPoint\",\"urlTemplate\":\"https:\/\/luxnel.com\/?s={search_term_string}\"},\"query-input\":{\"@type\":\"PropertyValueSpecification\",\"valueRequired\":true,\"valueName\":\"search_term_string\"}}],\"inLanguage\":\"sv-SE\"},{\"@type\":\"Organization\",\"@id\":\"https:\/\/luxnel.com\/#organization\",\"name\":\"Luxnel\",\"url\":\"https:\/\/luxnel.com\/\",\"logo\":{\"@type\":\"ImageObject\",\"inLanguage\":\"sv-SE\",\"@id\":\"https:\/\/luxnel.com\/#\/schema\/logo\/image\/\",\"url\":\"https:\/\/luxnel.com\/wp-content\/uploads\/2023\/04\/Luxnel_Logo.png\",\"contentUrl\":\"https:\/\/luxnel.com\/wp-content\/uploads\/2023\/04\/Luxnel_Logo.png\",\"width\":2031,\"height\":1172,\"caption\":\"Luxnel\"},\"image\":{\"@id\":\"https:\/\/luxnel.com\/#\/schema\/logo\/image\/\"},\"sameAs\":[\"https:\/\/www.facebook.com\/Luxnelvalotaulu\/\",\"https:\/\/www.instagram.com\/luxnel_fi\/?hl=fi\"]}]}<\/script>\n<!-- \/ Yoast SEO plugin. -->","yoast_head_json":{"title":"Valaise ja sisusta tunnelman mukaan Luxnel valotauluilla","description":"Valaise ja sisusta tunnelmasta toiseen Luxnel design-valotauluilla, jotka sopivat kaikenlaiseen sisustukseen. Varaa aikasi esittelyyn!","robots":{"index":"index","follow":"follow","max-snippet":"max-snippet:-1","max-image-preview":"max-image-preview:large","max-video-preview":"max-video-preview:-1"},"canonical":"https:\/\/luxnel.com\/sv\/","og_locale":"sv_SE","og_type":"article","og_title":"Valaise ja sisusta tunnelman mukaan Luxnel valotauluilla","og_description":"Valaise ja sisusta tunnelmasta toiseen Luxnel design-valotauluilla, jotka sopivat kaikenlaiseen sisustukseen. Varaa aikasi esittelyyn!","og_url":"https:\/\/luxnel.com\/sv\/","og_site_name":"Luxnel","article_publisher":"https:\/\/www.facebook.com\/Luxnelvalotaulu\/","article_modified_time":"2024-11-21T10:01:02+00:00","og_image":[{"width":1920,"height":1294,"url":"https:\/\/luxnel.com\/wp-content\/uploads\/2024\/07\/toimiston-valaistus-ja-sisustus.jpg","type":"image\/jpeg"}],"twitter_card":"summary_large_image","twitter_misc":{"Ber\u00e4knad l\u00e4stid":"2 minuter"},"schema":{"@context":"https:\/\/schema.org","@graph":[{"@type":"WebPage","@id":"https:\/\/luxnel.com\/","url":"https:\/\/luxnel.com\/","name":"Valaise ja sisusta tunnelman mukaan Luxnel valotauluilla","isPartOf":{"@id":"https:\/\/luxnel.com\/#website"},"primaryImageOfPage":{"@id":"https:\/\/luxnel.com\/#primaryimage"},"image":{"@id":"https:\/\/luxnel.com\/#primaryimage"},"thumbnailUrl":"https:\/\/luxnel.com\/wp-content\/uploads\/2024\/07\/toimiston-valaistus-ja-sisustus-1024x690.jpg","datePublished":"2024-06-24T06:44:20+00:00","dateModified":"2024-11-21T10:01:02+00:00","description":"Valaise ja sisusta tunnelmasta toiseen Luxnel design-valotauluilla, jotka sopivat kaikenlaiseen sisustukseen. Varaa aikasi esittelyyn!","breadcrumb":{"@id":"https:\/\/luxnel.com\/#breadcrumb"},"inLanguage":"sv-SE","potentialAction":[{"@type":"ReadAction","target":["https:\/\/luxnel.com\/"]}]},{"@type":"ImageObject","inLanguage":"sv-SE","@id":"https:\/\/luxnel.com\/#primaryimage","url":"https:\/\/luxnel.com\/wp-content\/uploads\/2024\/07\/toimiston-valaistus-ja-sisustus-1024x690.jpg","contentUrl":"https:\/\/luxnel.com\/wp-content\/uploads\/2024\/07\/toimiston-valaistus-ja-sisustus-1024x690.jpg"},{"@type":"BreadcrumbList","@id":"https:\/\/luxnel.com\/#breadcrumb","itemListElement":[{"@type":"ListItem","position":1,"name":"Etusivu","item":"https:\/\/luxnel.com\/"},{"@type":"ListItem","position":2,"name":"Etusivu"}]},{"@type":"WebSite","@id":"https:\/\/luxnel.com\/#website","url":"https:\/\/luxnel.com\/","name":"Luxnel","description":"Valolla toimivat sistusu koriste keitti\u00f6taulut","publisher":{"@id":"https:\/\/luxnel.com\/#organization"},"potentialAction":[{"@type":"SearchAction","target":{"@type":"EntryPoint","urlTemplate":"https:\/\/luxnel.com\/?s={search_term_string}"},"query-input":{"@type":"PropertyValueSpecification","valueRequired":true,"valueName":"search_term_string"}}],"inLanguage":"sv-SE"},{"@type":"Organization","@id":"https:\/\/luxnel.com\/#organization","name":"Luxnel","url":"https:\/\/luxnel.com\/","logo":{"@type":"ImageObject","inLanguage":"sv-SE","@id":"https:\/\/luxnel.com\/#\/schema\/logo\/image\/","url":"https:\/\/luxnel.com\/wp-content\/uploads\/2023\/04\/Luxnel_Logo.png","contentUrl":"https:\/\/luxnel.com\/wp-content\/uploads\/2023\/04\/Luxnel_Logo.png","width":2031,"height":1172,"caption":"Luxnel"},"image":{"@id":"https:\/\/luxnel.com\/#\/schema\/logo\/image\/"},"sameAs":["https:\/\/www.facebook.com\/Luxnelvalotaulu\/","https:\/\/www.instagram.com\/luxnel_fi\/?hl=fi"]}]}},"_links":{"self":[{"href":"https:\/\/luxnel.com\/sv\/wp-json\/wp\/v2\/pages\/2103","targetHints":{"allow":["GET"]}}],"collection":[{"href":"https:\/\/luxnel.com\/sv\/wp-json\/wp\/v2\/pages"}],"about":[{"href":"https:\/\/luxnel.com\/sv\/wp-json\/wp\/v2\/types\/page"}],"author":[{"embeddable":true,"href":"https:\/\/luxnel.com\/sv\/wp-json\/wp\/v2\/users\/3"}],"replies":[{"embeddable":true,"href":"https:\/\/luxnel.com\/sv\/wp-json\/wp\/v2\/comments?post=2103"}],"version-history":[{"count":72,"href":"https:\/\/luxnel.com\/sv\/wp-json\/wp\/v2\/pages\/2103\/revisions"}],"predecessor-version":[{"id":2517,"href":"https:\/\/luxnel.com\/sv\/wp-json\/wp\/v2\/pages\/2103\/revisions\/2517"}],"wp:attachment":[{"href":"https:\/\/luxnel.com\/sv\/wp-json\/wp\/v2\/media?parent=2103"}],"curies":[{"name":"wp","href":"https:\/\/api.w.org\/{rel}","templated":true}]}}