{"id":2189,"date":"2024-08-02T09:49:09","date_gmt":"2024-08-02T06:49:09","guid":{"rendered":"https:\/\/luxnel.com\/?page_id=2189"},"modified":"2025-01-10T10:39:51","modified_gmt":"2025-01-10T07:39:51","slug":"blogi","status":"publish","type":"page","link":"https:\/\/luxnel.com\/en\/blogi\/","title":{"rendered":"Blogi"},"content":{"rendered":"<div data-elementor-type=\"wp-page\" data-elementor-id=\"2189\" class=\"elementor elementor-2189\" data-elementor-post-type=\"page\">\n\t\t\t\t<div class=\"elementor-element elementor-element-f02a33f e-con-full e-flex e-con e-parent\" data-id=\"f02a33f\" data-element_type=\"container\" data-settings=\"{&quot;background_background&quot;:&quot;classic&quot;,&quot;jet_parallax_layout_list&quot;:[]}\">\n\t\t\t\t<\/div>\n\t\t<div class=\"elementor-element elementor-element-a4105ab e-con-full e-flex e-con e-parent\" data-id=\"a4105ab\" data-element_type=\"container\" data-settings=\"{&quot;jet_parallax_layout_list&quot;:[],&quot;background_background&quot;:&quot;gradient&quot;}\">\n\t\t\t\t<div class=\"elementor-element elementor-element-031228b elementor-widget elementor-widget-heading\" data-id=\"031228b\" data-element_type=\"widget\" data-widget_type=\"heading.default\">\n\t\t\t\t<div class=\"elementor-widget-container\">\n\t\t\t\t\t<h1 class=\"elementor-heading-title elementor-size-default\">Blogi<\/h1>\t\t\t\t<\/div>\n\t\t\t\t<\/div>\n\t\t\t\t<\/div>\n\t\t<div class=\"elementor-element elementor-element-89ec629 e-flex e-con-boxed e-con e-parent\" data-id=\"89ec629\" data-element_type=\"container\" data-settings=\"{&quot;jet_parallax_layout_list&quot;:[]}\">\n\t\t\t\t\t<div class=\"e-con-inner\">\n\t\t\t\t<div class=\"elementor-element elementor-element-e3865bd elementor-widget-divider--view-line elementor-widget elementor-widget-divider\" data-id=\"e3865bd\" data-element_type=\"widget\" data-widget_type=\"divider.default\">\n\t\t\t\t<div class=\"elementor-widget-container\">\n\t\t\t\t\t\t\t<div class=\"elementor-divider\">\n\t\t\t<span class=\"elementor-divider-separator\">\n\t\t\t\t\t\t<\/span>\n\t\t<\/div>\n\t\t\t\t\t\t<\/div>\n\t\t\t\t<\/div>\n\t\t\t\t<div class=\"elementor-element elementor-element-cea42ca elementor-widget elementor-widget-text-editor\" data-id=\"cea42ca\" data-element_type=\"widget\" data-widget_type=\"text-editor.default\">\n\t\t\t\t<div class=\"elementor-widget-container\">\n\t\t\t\t\t\t\t\t\t<p>Kodin sisustus ja valaistus ovat avainasemassa luomassa toimivaa, viihtyis\u00e4\u00e4 ja persoonallista kotia. Blogimme tarjoaa k\u00e4yt\u00e4nn\u00f6nl\u00e4heisi\u00e4 ideoita, inspiraatiota ja vinkkej\u00e4, joiden avulla voit p\u00e4ivitt\u00e4\u00e4 kotisi tunnelman ja ilmeen helposti ja tyylill\u00e4. Olipa kyseess\u00e4 kylpyhuoneen spa-henkinen sisustus, keitti\u00f6n valaistusratkaisut tai olohuoneen tunnelman luominen, l\u00f6yd\u00e4t meilt\u00e4 ratkaisut kaikkiin kodin tiloihin.\t\t\t\t\t\t\t\t<\/div>\n\t\t\t\t<\/div>\n\t\t\t\t<div class=\"elementor-element elementor-element-32a4116 elementor-widget elementor-widget-text-editor\" data-id=\"32a4116\" data-element_type=\"widget\" data-widget_type=\"text-editor.default\">\n\t\t\t\t<div class=\"elementor-widget-container\">\n\t\t\t\t\t\t\t\t\t<p>Tutustu monipuolisiin artikkeleihimme ja l\u00f6yd\u00e4 hy\u00f6dyllisi\u00e4 vinkkej\u00e4, jotka tekev\u00e4t arjesta sujuvampaa ja kodistasi entist\u00e4 houkuttelevamman. Blogimme auttaa sinua toteuttamaan niin pienet p\u00e4ivitykset kuin suuremmat sisustusprojektit, yhdist\u00e4en esteettisyyden ja k\u00e4yt\u00e4nn\u00f6llisyyden.<\/p>\t\t\t\t\t\t\t\t<\/div>\n\t\t\t\t<\/div>\n\t\t\t\t<div class=\"elementor-element elementor-element-9bb7ab5 elementor-widget elementor-widget-jet-posts\" data-id=\"9bb7ab5\" data-element_type=\"widget\" data-settings=\"{&quot;columns_mobile&quot;:&quot;1&quot;,&quot;columns&quot;:3,&quot;slides_to_scroll&quot;:&quot;1&quot;}\" data-widget_type=\"jet-posts.default\">\n\t\t\t\t<div class=\"elementor-widget-container\">\n\t\t\t\t\t<div class=\"elementor-jet-posts jet-elements\"><div class=\"jet-posts col-row\"><div class=\"jet-posts__item\">\n\t<div class=\"jet-posts__inner-box\"><div class=\"post-thumbnail\"><a href=\"https:\/\/luxnel.com\/en\/keittion-sisustus-ja-valaistus-nain-luot-toimivan-ja-viihtyisan-keittion\/\" class=\"post-thumbnail__link\"><img loading=\"lazy\" decoding=\"async\" class=\"post-thumbnail__img wp-post-image\" src=\"https:\/\/luxnel.com\/wp-content\/uploads\/2024\/10\/keittion-sisustus-ja-valaistus-banneri.jpg\" alt=\"Keitti\u00f6n sisustus ja valaistus: N\u00e4in luot toimivan ja viihtyis\u00e4n keitti\u00f6n\u00a0\" width=\"1600\" height=\"600\"><\/a><\/div><div class=\"jet-posts__inner-content\"><h2 class=\"entry-title\"><a href=\"https:\/\/luxnel.com\/en\/keittion-sisustus-ja-valaistus-nain-luot-toimivan-ja-viihtyisan-keittion\/\" target=\"\">Keitti\u00f6n sisustus ja valaistus: N\u00e4in luot toimivan ja viihtyis\u00e4n keitti\u00f6n\u00a0<\/a><\/h2><div class=\"entry-excerpt\">Keitti\u00f6n sisustus ja valaistus: N\u00e4in luot toimivan ja viihtyis\u00e4n keitti\u00f6n Keitti\u00f6ss\u00e4 valmistetaan aterioita, vietet\u00e4\u00e4n aikaa perheen kanssa ja nautitaan&hellip;<\/div><div class=\"jet-more-wrap\"><a href=\"https:\/\/luxnel.com\/en\/keittion-sisustus-ja-valaistus-nain-luot-toimivan-ja-viihtyisan-keittion\/\" class=\"btn btn-primary elementor-button elementor-size-md jet-more\" target=\"\"><span class=\"btn__text\">Lue lis\u00e4\u00e4<\/span><\/a><\/div><\/div><\/div>\n<\/div>\n<div class=\"jet-posts__item\">\n\t<div class=\"jet-posts__inner-box\"><div class=\"post-thumbnail\"><a href=\"https:\/\/luxnel.com\/en\/spa-tunnelmaa-kylpyhuoneeseen-valaistuksella-ja-sisustuksella\/\" class=\"post-thumbnail__link\"><img loading=\"lazy\" decoding=\"async\" class=\"post-thumbnail__img wp-post-image\" src=\"https:\/\/luxnel.com\/wp-content\/uploads\/2024\/08\/kylpyhuoneen-sisustus-ja-valaistus.jpg\" alt=\"Spa-tunnelmaa kylpyhuoneeseen valaistuksella ja sisustuksella\" width=\"1600\" height=\"600\"><\/a><\/div><div class=\"jet-posts__inner-content\"><h2 class=\"entry-title\"><a href=\"https:\/\/luxnel.com\/en\/spa-tunnelmaa-kylpyhuoneeseen-valaistuksella-ja-sisustuksella\/\" target=\"\">Spa-tunnelmaa kylpyhuoneeseen valaistuksella ja sisustuksella<\/a><\/h2><div class=\"entry-excerpt\">Spa-tunnelmaa kylpyhuoneeseen valaistuksella ja sisustuksella Kylpyhuonetta tarvitaan usein monta kertaa p\u00e4iv\u00e4ss\u00e4 ja erilaisissa tilanteissa. Tilassa usein yhdistyykin wc, peseytyminen;&hellip;<\/div><div class=\"jet-more-wrap\"><a href=\"https:\/\/luxnel.com\/en\/spa-tunnelmaa-kylpyhuoneeseen-valaistuksella-ja-sisustuksella\/\" class=\"btn btn-primary elementor-button elementor-size-md jet-more\" target=\"\"><span class=\"btn__text\">Lue lis\u00e4\u00e4<\/span><\/a><\/div><\/div><\/div>\n<\/div>\n<div class=\"jet-posts__item\">\n\t<div class=\"jet-posts__inner-box\"><div class=\"post-thumbnail\"><a href=\"https:\/\/luxnel.com\/en\/sisustusideat-ja-valaistusvinkit-tunnelmalliseen-kotiin\/\" class=\"post-thumbnail__link\"><img loading=\"lazy\" decoding=\"async\" class=\"post-thumbnail__img wp-post-image\" src=\"https:\/\/luxnel.com\/wp-content\/uploads\/2023\/04\/kodin-sisustusideat-ja-valaistus-luxnel.jpg\" alt=\"Sisustusideat sek\u00e4 valaistusvinkit tunnelmalliseen kotiin \u200b\" width=\"1600\" height=\"600\"><\/a><\/div><div class=\"jet-posts__inner-content\"><h2 class=\"entry-title\"><a href=\"https:\/\/luxnel.com\/en\/sisustusideat-ja-valaistusvinkit-tunnelmalliseen-kotiin\/\" target=\"\">Sisustusideat sek\u00e4 valaistusvinkit tunnelmalliseen kotiin \u200b<\/a><\/h2><div class=\"entry-excerpt\">Sisustusideat sek\u00e4 valaistusvinkit tunnelmalliseen kotiin Kuinka oikeanlainen valaistus tekee kodistasi viihtyis\u00e4mm\u00e4n? Valaistuksen rooli kodin sisustuksessa on kasvanut merkitt\u00e4v\u00e4sti valaisuteknologian&hellip;<\/div><div class=\"jet-more-wrap\"><a href=\"https:\/\/luxnel.com\/en\/sisustusideat-ja-valaistusvinkit-tunnelmalliseen-kotiin\/\" class=\"btn btn-primary elementor-button elementor-size-md jet-more\" target=\"\"><span class=\"btn__text\">Lue lis\u00e4\u00e4<\/span><\/a><\/div><\/div><\/div>\n<\/div>\n<\/div>\n<\/div>\t\t\t\t<\/div>\n\t\t\t\t<\/div>\n\t\t\t\t\t<\/div>\n\t\t\t\t<\/div>\n\t\t\t\t<\/div>","protected":false},"excerpt":{"rendered":"<p>Blogi Kodin sisustus ja valaistus ovat avainasemassa luomassa toimivaa, viihtyis\u00e4\u00e4 ja persoonallista kotia. Blogimme tarjoaa k\u00e4yt\u00e4nn\u00f6nl\u00e4heisi\u00e4 ideoita, inspiraatiota ja vinkkej\u00e4, joiden avulla voit p\u00e4ivitt\u00e4\u00e4 kotisi tunnelman ja ilmeen helposti ja tyylill\u00e4. Olipa kyseess\u00e4 kylpyhuoneen spa-henkinen sisustus, keitti\u00f6n valaistusratkaisut tai olohuoneen tunnelman luominen, l\u00f6yd\u00e4t meilt\u00e4 ratkaisut kaikkiin kodin tiloihin. Tutustu monipuolisiin artikkeleihimme ja l\u00f6yd\u00e4 hy\u00f6dyllisi\u00e4 vinkkej\u00e4, [&hellip;]<\/p>","protected":false},"author":3,"featured_media":0,"parent":0,"menu_order":0,"comment_status":"closed","ping_status":"closed","template":"","meta":{"iawp_total_views":166,"footnotes":""},"class_list":["post-2189","page","type-page","status-publish","hentry"],"yoast_head":"<!-- This site is optimized with the Yoast SEO plugin v26.3 - https:\/\/yoast.com\/wordpress\/plugins\/seo\/ -->\n<title>Blogi sisustuksesta ja erilaisista valaisuratkaisuista - Luxnel<\/title>\n<meta name=\"description\" content=\"Etsitk\u00f6 ideoita kodin sisustamiseen tai valaistukseen? Lue blogimme ja l\u00f6yd\u00e4 parhaat vinkit tunnelmalliseen ja k\u00e4yt\u00e4nn\u00f6lliseen kotiin.\" \/>\n<meta name=\"robots\" content=\"index, follow, max-snippet:-1, max-image-preview:large, max-video-preview:-1\" \/>\n<link rel=\"canonical\" href=\"https:\/\/luxnel.com\/en\/blogi\/\" \/>\n<meta property=\"og:locale\" content=\"en_US\" \/>\n<meta property=\"og:type\" content=\"article\" \/>\n<meta property=\"og:title\" content=\"Blogi sisustuksesta ja erilaisista valaisuratkaisuista - Luxnel\" \/>\n<meta property=\"og:description\" content=\"Etsitk\u00f6 ideoita kodin sisustamiseen tai valaistukseen? Lue blogimme ja l\u00f6yd\u00e4 parhaat vinkit tunnelmalliseen ja k\u00e4yt\u00e4nn\u00f6lliseen kotiin.\" \/>\n<meta property=\"og:url\" content=\"https:\/\/luxnel.com\/en\/blogi\/\" \/>\n<meta property=\"og:site_name\" content=\"Luxnel\" \/>\n<meta property=\"article:publisher\" content=\"https:\/\/www.facebook.com\/Luxnelvalotaulu\/\" \/>\n<meta property=\"article:modified_time\" content=\"2025-01-10T07:39:51+00:00\" \/>\n<meta property=\"og:image\" content=\"https:\/\/luxnel.com\/wp-content\/uploads\/2024\/10\/keittion-sisustus-ja-valaistus-banneri.jpg\" \/>\n<meta name=\"twitter:card\" content=\"summary_large_image\" \/>\n<meta name=\"twitter:label1\" content=\"Est. reading time\" \/>\n\t<meta name=\"twitter:data1\" content=\"2 minutes\" \/>\n<script type=\"application\/ld+json\" class=\"yoast-schema-graph\">{\"@context\":\"https:\/\/schema.org\",\"@graph\":[{\"@type\":\"WebPage\",\"@id\":\"https:\/\/luxnel.com\/blogi\/\",\"url\":\"https:\/\/luxnel.com\/blogi\/\",\"name\":\"Blogi sisustuksesta ja erilaisista valaisuratkaisuista - Luxnel\",\"isPartOf\":{\"@id\":\"https:\/\/luxnel.com\/#website\"},\"primaryImageOfPage\":{\"@id\":\"https:\/\/luxnel.com\/blogi\/#primaryimage\"},\"image\":{\"@id\":\"https:\/\/luxnel.com\/blogi\/#primaryimage\"},\"thumbnailUrl\":\"https:\/\/luxnel.com\/wp-content\/uploads\/2024\/10\/keittion-sisustus-ja-valaistus-banneri.jpg\",\"datePublished\":\"2024-08-02T06:49:09+00:00\",\"dateModified\":\"2025-01-10T07:39:51+00:00\",\"description\":\"Etsitk\u00f6 ideoita kodin sisustamiseen tai valaistukseen? Lue blogimme ja l\u00f6yd\u00e4 parhaat vinkit tunnelmalliseen ja k\u00e4yt\u00e4nn\u00f6lliseen kotiin.\",\"breadcrumb\":{\"@id\":\"https:\/\/luxnel.com\/blogi\/#breadcrumb\"},\"inLanguage\":\"en-US\",\"potentialAction\":[{\"@type\":\"ReadAction\",\"target\":[\"https:\/\/luxnel.com\/blogi\/\"]}]},{\"@type\":\"ImageObject\",\"inLanguage\":\"en-US\",\"@id\":\"https:\/\/luxnel.com\/blogi\/#primaryimage\",\"url\":\"https:\/\/luxnel.com\/wp-content\/uploads\/2024\/10\/keittion-sisustus-ja-valaistus-banneri.jpg\",\"contentUrl\":\"https:\/\/luxnel.com\/wp-content\/uploads\/2024\/10\/keittion-sisustus-ja-valaistus-banneri.jpg\"},{\"@type\":\"BreadcrumbList\",\"@id\":\"https:\/\/luxnel.com\/blogi\/#breadcrumb\",\"itemListElement\":[{\"@type\":\"ListItem\",\"position\":1,\"name\":\"Etusivu\",\"item\":\"https:\/\/luxnel.com\/\"},{\"@type\":\"ListItem\",\"position\":2,\"name\":\"Blogi\"}]},{\"@type\":\"WebSite\",\"@id\":\"https:\/\/luxnel.com\/#website\",\"url\":\"https:\/\/luxnel.com\/\",\"name\":\"Luxnel\",\"description\":\"Valolla toimivat sistusu koriste keitti\u00f6taulut\",\"publisher\":{\"@id\":\"https:\/\/luxnel.com\/#organization\"},\"potentialAction\":[{\"@type\":\"SearchAction\",\"target\":{\"@type\":\"EntryPoint\",\"urlTemplate\":\"https:\/\/luxnel.com\/?s={search_term_string}\"},\"query-input\":{\"@type\":\"PropertyValueSpecification\",\"valueRequired\":true,\"valueName\":\"search_term_string\"}}],\"inLanguage\":\"en-US\"},{\"@type\":\"Organization\",\"@id\":\"https:\/\/luxnel.com\/#organization\",\"name\":\"Luxnel\",\"url\":\"https:\/\/luxnel.com\/\",\"logo\":{\"@type\":\"ImageObject\",\"inLanguage\":\"en-US\",\"@id\":\"https:\/\/luxnel.com\/#\/schema\/logo\/image\/\",\"url\":\"https:\/\/luxnel.com\/wp-content\/uploads\/2023\/04\/Luxnel_Logo.png\",\"contentUrl\":\"https:\/\/luxnel.com\/wp-content\/uploads\/2023\/04\/Luxnel_Logo.png\",\"width\":2031,\"height\":1172,\"caption\":\"Luxnel\"},\"image\":{\"@id\":\"https:\/\/luxnel.com\/#\/schema\/logo\/image\/\"},\"sameAs\":[\"https:\/\/www.facebook.com\/Luxnelvalotaulu\/\",\"https:\/\/www.instagram.com\/luxnel_fi\/?hl=fi\"]}]}<\/script>\n<!-- \/ Yoast SEO plugin. -->","yoast_head_json":{"title":"Blogi sisustuksesta ja erilaisista valaisuratkaisuista - Luxnel","description":"Etsitk\u00f6 ideoita kodin sisustamiseen tai valaistukseen? Lue blogimme ja l\u00f6yd\u00e4 parhaat vinkit tunnelmalliseen ja k\u00e4yt\u00e4nn\u00f6lliseen kotiin.","robots":{"index":"index","follow":"follow","max-snippet":"max-snippet:-1","max-image-preview":"max-image-preview:large","max-video-preview":"max-video-preview:-1"},"canonical":"https:\/\/luxnel.com\/en\/blogi\/","og_locale":"en_US","og_type":"article","og_title":"Blogi sisustuksesta ja erilaisista valaisuratkaisuista - Luxnel","og_description":"Etsitk\u00f6 ideoita kodin sisustamiseen tai valaistukseen? Lue blogimme ja l\u00f6yd\u00e4 parhaat vinkit tunnelmalliseen ja k\u00e4yt\u00e4nn\u00f6lliseen kotiin.","og_url":"https:\/\/luxnel.com\/en\/blogi\/","og_site_name":"Luxnel","article_publisher":"https:\/\/www.facebook.com\/Luxnelvalotaulu\/","article_modified_time":"2025-01-10T07:39:51+00:00","og_image":[{"url":"https:\/\/luxnel.com\/wp-content\/uploads\/2024\/10\/keittion-sisustus-ja-valaistus-banneri.jpg","type":"","width":"","height":""}],"twitter_card":"summary_large_image","twitter_misc":{"Est. reading time":"2 minutes"},"schema":{"@context":"https:\/\/schema.org","@graph":[{"@type":"WebPage","@id":"https:\/\/luxnel.com\/blogi\/","url":"https:\/\/luxnel.com\/blogi\/","name":"Blogi sisustuksesta ja erilaisista valaisuratkaisuista - Luxnel","isPartOf":{"@id":"https:\/\/luxnel.com\/#website"},"primaryImageOfPage":{"@id":"https:\/\/luxnel.com\/blogi\/#primaryimage"},"image":{"@id":"https:\/\/luxnel.com\/blogi\/#primaryimage"},"thumbnailUrl":"https:\/\/luxnel.com\/wp-content\/uploads\/2024\/10\/keittion-sisustus-ja-valaistus-banneri.jpg","datePublished":"2024-08-02T06:49:09+00:00","dateModified":"2025-01-10T07:39:51+00:00","description":"Etsitk\u00f6 ideoita kodin sisustamiseen tai valaistukseen? Lue blogimme ja l\u00f6yd\u00e4 parhaat vinkit tunnelmalliseen ja k\u00e4yt\u00e4nn\u00f6lliseen kotiin.","breadcrumb":{"@id":"https:\/\/luxnel.com\/blogi\/#breadcrumb"},"inLanguage":"en-US","potentialAction":[{"@type":"ReadAction","target":["https:\/\/luxnel.com\/blogi\/"]}]},{"@type":"ImageObject","inLanguage":"en-US","@id":"https:\/\/luxnel.com\/blogi\/#primaryimage","url":"https:\/\/luxnel.com\/wp-content\/uploads\/2024\/10\/keittion-sisustus-ja-valaistus-banneri.jpg","contentUrl":"https:\/\/luxnel.com\/wp-content\/uploads\/2024\/10\/keittion-sisustus-ja-valaistus-banneri.jpg"},{"@type":"BreadcrumbList","@id":"https:\/\/luxnel.com\/blogi\/#breadcrumb","itemListElement":[{"@type":"ListItem","position":1,"name":"Etusivu","item":"https:\/\/luxnel.com\/"},{"@type":"ListItem","position":2,"name":"Blogi"}]},{"@type":"WebSite","@id":"https:\/\/luxnel.com\/#website","url":"https:\/\/luxnel.com\/","name":"Luxnel","description":"Valolla toimivat sistusu koriste keitti\u00f6taulut","publisher":{"@id":"https:\/\/luxnel.com\/#organization"},"potentialAction":[{"@type":"SearchAction","target":{"@type":"EntryPoint","urlTemplate":"https:\/\/luxnel.com\/?s={search_term_string}"},"query-input":{"@type":"PropertyValueSpecification","valueRequired":true,"valueName":"search_term_string"}}],"inLanguage":"en-US"},{"@type":"Organization","@id":"https:\/\/luxnel.com\/#organization","name":"Luxnel","url":"https:\/\/luxnel.com\/","logo":{"@type":"ImageObject","inLanguage":"en-US","@id":"https:\/\/luxnel.com\/#\/schema\/logo\/image\/","url":"https:\/\/luxnel.com\/wp-content\/uploads\/2023\/04\/Luxnel_Logo.png","contentUrl":"https:\/\/luxnel.com\/wp-content\/uploads\/2023\/04\/Luxnel_Logo.png","width":2031,"height":1172,"caption":"Luxnel"},"image":{"@id":"https:\/\/luxnel.com\/#\/schema\/logo\/image\/"},"sameAs":["https:\/\/www.facebook.com\/Luxnelvalotaulu\/","https:\/\/www.instagram.com\/luxnel_fi\/?hl=fi"]}]}},"_links":{"self":[{"href":"https:\/\/luxnel.com\/en\/wp-json\/wp\/v2\/pages\/2189","targetHints":{"allow":["GET"]}}],"collection":[{"href":"https:\/\/luxnel.com\/en\/wp-json\/wp\/v2\/pages"}],"about":[{"href":"https:\/\/luxnel.com\/en\/wp-json\/wp\/v2\/types\/page"}],"author":[{"embeddable":true,"href":"https:\/\/luxnel.com\/en\/wp-json\/wp\/v2\/users\/3"}],"replies":[{"embeddable":true,"href":"https:\/\/luxnel.com\/en\/wp-json\/wp\/v2\/comments?post=2189"}],"version-history":[{"count":21,"href":"https:\/\/luxnel.com\/en\/wp-json\/wp\/v2\/pages\/2189\/revisions"}],"predecessor-version":[{"id":2371,"href":"https:\/\/luxnel.com\/en\/wp-json\/wp\/v2\/pages\/2189\/revisions\/2371"}],"wp:attachment":[{"href":"https:\/\/luxnel.com\/en\/wp-json\/wp\/v2\/media?parent=2189"}],"curies":[{"name":"wp","href":"https:\/\/api.w.org\/{rel}","templated":true}]}}